{"id":26384,"date":"2023-09-08T08:24:51","date_gmt":"2023-09-08T08:24:51","guid":{"rendered":"https:\/\/soccaczech.cz\/liga\/?page_id=26384"},"modified":"2025-07-23T09:56:36","modified_gmt":"2025-07-23T07:56:36","slug":"gdpr","status":"publish","type":"page","link":"https:\/\/soccaczech.cz\/liga\/gdpr\/","title":{"rendered":"Z\u00e1sady ochrany osobn\u00edch \u00fadaj\u016f"},"content":{"rendered":"\t\t<div data-elementor-type=\"wp-page\" data-elementor-id=\"26384\" class=\"elementor elementor-26384\">\n\t\t\t\t\t\t<section class=\"elementor-section elementor-top-section elementor-element elementor-element-16d245f elementor-section-boxed elementor-section-height-default elementor-section-height-default sc_fly_static\" data-id=\"16d245f\" data-element_type=\"section\">\n\t\t\t\t\t\t<div class=\"elementor-container elementor-column-gap-extended\">\n\t\t\t\t\t<div class=\"elementor-column elementor-col-100 elementor-top-column elementor-element elementor-element-65d6f4b sc_content_align_inherit sc_layouts_column_icons_position_left sc_fly_static\" data-id=\"65d6f4b\" data-element_type=\"column\">\n\t\t\t<div class=\"elementor-widget-wrap elementor-element-populated\">\n\t\t\t\t\t\t<div class=\"elementor-element elementor-element-967a7b9 sc_fly_static elementor-widget elementor-widget-text-editor\" data-id=\"967a7b9\" data-element_type=\"widget\" data-widget_type=\"text-editor.default\">\n\t\t\t\t<div class=\"elementor-widget-container\">\n\t\t\t\t\t\t\t\t\t<p class=\"p3\"><b>Z\u00e1sady pr\u00e1ce s va\u0161imi \u00fadaji<\/b><\/p><p class=\"p3\">Jsme spole\u010dnost <strong>Czech Socca Association s.r.o.\u00a0<\/strong><\/p><p class=\"p3\">Provozujeme webov\u00e9 str\u00e1nky soccaczech.cz<\/p><p class=\"p3\">Pro poskytov\u00e1n\u00ed na\u0161ich slu\u017eeb, prodej zbo\u017e\u00ed a provoz na\u0161ich webov\u00fdch str\u00e1nek zpracov\u00e1v\u00e1me n\u011bkter\u00e9 osobn\u00ed \u00fadaje.<\/p><p class=\"p3\">Zpracov\u00e1n\u00ed osobn\u00edch \u00fadaj\u016f upravuje zejm\u00e9na na\u0159\u00edzen\u00ed Evropsk\u00e9ho parlamentu a Rady (EU) 2016\/679 ze dne 27. dubna 2016 o ochran\u011b fyzick\u00fdch osob v souvislosti se zpracov\u00e1n\u00edm osobn\u00edch \u00fadaj\u016f a o voln\u00e9m pohybu t\u011bchto \u00fadaj\u016f a o zru\u0161en\u00ed sm\u011brnice 95\/46\/ES (obecn\u00e9 na\u0159\u00edzen\u00ed o ochran\u011b osobn\u00edch \u00fadaj\u016f) (\u201eGDPR\u201c)<\/p><p class=\"p3\">Zpracov\u00e1n\u00ed osobn\u00edch \u00fadaj\u016f<\/p><p class=\"p3\"><b>1. Zpracov\u00e1n\u00ed osobn\u00edch \u00fadaj\u016f v p\u0159\u00edpad\u011b pou\u017eit\u00ed kontaktn\u00edho formul\u00e1\u0159e<\/b><\/p><p class=\"p3\">Pokud popt\u00e1v\u00e1te na\u0161e produkty a slu\u017eby, budeme pracovat s va\u0161imi kontaktn\u00edmi \u00fadaji, kter\u00e9 n\u00e1m sd\u011bl\u00edte, hlavn\u011b prost\u0159ednictv\u00edm popt\u00e1vkov\u00e9ho formul\u00e1\u0159e. Jsou to: Jm\u00e9no, p\u0159\u00edjmen\u00ed, email, telefon<\/p><p class=\"p3\">Z jak\u00e9ho d\u016fvodu?<\/p><p class=\"p3\">Kontaktujeme v\u00e1s p\u0159es n\u011b pro dal\u0161\u00ed domluvu ohledn\u011b zbo\u017e\u00ed a slu\u017eeb.<\/p><p class=\"p3\">Na z\u00e1klad\u011b jak\u00e9ho pr\u00e1vn\u00edho d\u016fvodu?<\/p><p class=\"p3\">Jedn\u00e1 se o zpracov\u00e1n\u00ed na z\u00e1klad\u011b \u010dl. 6 odst. 1 p\u00edsm. b) GDPR \u2013 jedn\u00e1n\u00ed o smlouv\u011b, resp. proveden\u00ed opat\u0159en\u00ed p\u0159ed uzav\u0159en\u00edm smlouvy na va\u0161i \u017e\u00e1dost.<\/p><p class=\"p3\">Jak dlouho budeme osobn\u00ed \u00fadaje zpracov\u00e1vat?<\/p><p class=\"p3\">Pokud nenav\u00e1\u017eeme dal\u0161\u00ed spolupr\u00e1ci, va\u0161e data budeme zpracov\u00e1vat nejd\u00e9le 2 roky od na\u0161\u00ed posledn\u00ed komunikace.<\/p><p class=\"p3\"><b>2. Newslettery (obchodn\u00ed sd\u011blen\u00ed)<\/b><\/p><p class=\"p3\">Pokud jste nakupuj\u00edc\u00ed z\u00e1kazn\u00edk a nezak\u00e1zali jste n\u00e1m to p\u0159i n\u00e1kupu, pou\u017eijeme va\u0161i e-mailovou adresu pro rozes\u00edlku na\u0161ich novinek.<\/p><p class=\"p3\">Na z\u00e1klad\u011b jak\u00e9ho pr\u00e1vn\u00edho d\u016fvodu?<\/p><p class=\"p3\">Umo\u017e\u0148uje n\u00e1m to ust. \u00a7 7 odst. 3 z\u00e1kona \u010d. 480\/2004 Sb., o n\u011bkter\u00fdch slu\u017eb\u00e1ch informa\u010dn\u00ed spole\u010dnosti, pokud jste n\u00e1m to p\u0159i n\u00e1kupu nezak\u00e1zali.<\/p><p class=\"p3\">Jak dlouho budeme osobn\u00ed \u00fadaje zpracov\u00e1vat?<\/p><p class=\"p3\">2 roky\/let od va\u0161eho posledn\u00edho n\u00e1kupu. Z rozes\u00edlky se m\u016f\u017eete kdykoliv odhl\u00e1sit prost\u0159ednictv\u00edm e-mailu nebo n\u00e1s kontaktujte na e-mailu: <a href=\"mailto:info@soccaczech.cz\">info@soccaczech.cz<\/a><\/p><p class=\"p3\"><b>3. Kdo se k dat\u016fm dostane?<\/b><\/p><p class=\"p4\">Va\u0161e data z\u016fstanou u n\u00e1s. P\u0159esto pro n\u00e1s pracuj\u00ed n\u011bkter\u00e9 spole\u010dnosti nebo jin\u00e9 osoby, kter\u00e9 se k dat\u016fm dostanou proto, \u017ee n\u00e1m pom\u00e1haj\u00ed s chodem na\u0161eho e-shopu. Jsou to:<\/p><ul class=\"ul1\"><li class=\"li5\"><span class=\"s1\">spole\u010dnost je zapsan\u00e1 u\u00a0<\/span>M\u011bstsk\u00e9ho soudu v Praze, odd\u00edl B vlo\u017eka 25 395)<\/li><li class=\"li3\">spole\u010dnosti pod\u00edlej\u00edc\u00ed se na expedici zbo\u017e\u00ed<\/li><li class=\"li3\">spole\u010dnosti pod\u00edlej\u00edc\u00ed se na expedici plateb<\/li><li class=\"li3\">poskytovatel e-mailingov\u00e9 slu\u017eby<\/li><li class=\"li6\">marketingov\u00e1 agentura<\/li><\/ul><p class=\"p3\">Osobn\u00ed \u00fadaje zpracov\u00e1v\u00e1me pouze na \u00fazem\u00ed Evropsk\u00e9 unie.<\/p><p class=\"p3\"><b>4. Co byste d\u00e1l m\u011bli v\u011bd\u011bt<\/b><\/p><p class=\"p3\">V na\u0161\u00ed spole\u010dnosti nem\u00e1me jmenovan\u00e9ho pov\u011b\u0159ence pro ochranu osobn\u00edch \u00fadaj\u016f.<\/p><p class=\"p3\">V na\u0161\u00ed spole\u010dnosti nedoch\u00e1z\u00ed k rozhodov\u00e1n\u00ed na z\u00e1klad\u011b automatick\u00e9ho zpracov\u00e1n\u00ed \u010di profilov\u00e1n\u00ed.<\/p><p class=\"p3\">Pokud byste m\u011bli k osobn\u00edm \u00fadaj\u016fm ot\u00e1zky, kontaktujte n\u00e1s na e-mailov\u00e9 adrese <a href=\"mailto:info@soccaczech.cz\">info@soccaczech.cz<\/a><\/p><p class=\"p3\">nebo zavolejte na tel. \u010d. <a href=\"tel:+420%20728%20186%20691\" target=\"_blank\" rel=\"noopener\">+420 728 186 691<\/a><\/p><p class=\"p3\"><b>5. Va\u0161e pr\u00e1va v souvislosti se zpracov\u00e1n\u00edm osobn\u00edch \u00fadaj\u016f<\/b><\/p><p class=\"p3\">Na\u0159\u00edzen\u00ed GDPR v\u00e1m d\u00e1v\u00e1 mimo jin\u00e9 pr\u00e1vo obr\u00e1tit se na n\u00e1s a cht\u00edt informace, jak\u00e9 va\u0161e osobn\u00ed \u00fadaje zpracov\u00e1v\u00e1me, vy\u017e\u00e1dat si u n\u00e1s p\u0159\u00edstup k t\u011bmto \u00fadaj\u016fm a nechat je aktualizovat nebo opravit, pop\u0159\u00edpad\u011b po\u017eadovat omezen\u00ed zpracov\u00e1n\u00ed, m\u016f\u017eete po\u017eadovat kopii zpracov\u00e1van\u00fdch osobn\u00edch \u00fadaj\u016f, po\u017eadovat po n\u00e1s v ur\u010dit\u00fdch situac\u00edch v\u00fdmaz osobn\u00edch \u00fadaj\u016f a v ur\u010dit\u00fdch p\u0159\u00edpadech m\u00e1te pr\u00e1vo na jejich p\u0159enositelnost. Proti zpracov\u00e1n\u00ed na z\u00e1klad\u011b opr\u00e1vn\u011bn\u00e9ho z\u00e1jmu lze vzn\u00e9st n\u00e1mitku.<\/p><p class=\"p3\">Pokud si mysl\u00edte, \u017ee s daty nenakl\u00e1d\u00e1me spr\u00e1vn\u011b, m\u00e1te pr\u00e1vo podat st\u00ed\u017enost u<a href=\"http:\/\/www.uoou.cz\/\">\u00a0<span class=\"s2\">\u00da\u0159adu pro ochranu osobn\u00edch \u00fadaj\u016f<\/span><\/a>, p\u0159\u00edpadn\u011b se se sv\u00fdmi n\u00e1roky obr\u00e1tit na soud.<\/p><p class=\"p3\">Tyto podm\u00ednky jsou \u00fa\u010dinn\u00e9 od 13. 7. 2025<\/p>\t\t\t\t\t\t\t\t<\/div>\n\t\t\t\t<\/div>\n\t\t\t\t\t<\/div>\n\t\t<\/div>\n\t\t\t\t\t<\/div>\n\t\t<\/section>\n\t\t\t\t<\/div>\n\t\t","protected":false},"excerpt":{"rendered":"<p>Z\u00e1sady pr\u00e1ce s va\u0161imi \u00fadaji Jsme spole\u010dnost Czech Socca Association s.r.o.\u00a0 Provozujeme webov\u00e9 str\u00e1nky soccaczech.cz Pro poskytov\u00e1n\u00ed na\u0161ich slu\u017eeb, prodej zbo\u017e\u00ed a provoz na\u0161ich webov\u00fdch str\u00e1nek zpracov\u00e1v\u00e1me n\u011bkter\u00e9 osobn\u00ed \u00fadaje.&hellip;<\/p>\n","protected":false},"author":1,"featured_media":0,"parent":0,"menu_order":0,"comment_status":"closed","ping_status":"closed","template":"","meta":{"footnotes":""},"class_list":["post-26384","page","type-page","status-publish","hentry"],"yoast_head":"<!-- This site is optimized with the Yoast SEO plugin v25.7 - https:\/\/yoast.com\/wordpress\/plugins\/seo\/ -->\n<title>Z\u00e1sady ochrany osobn\u00edch \u00fadaj\u016f - Socca Czech Liga<\/title>\n<meta name=\"robots\" content=\"index, follow, max-snippet:-1, max-image-preview:large, max-video-preview:-1\" \/>\n<link rel=\"canonical\" href=\"https:\/\/soccaczech.cz\/liga\/gdpr\/\" \/>\n<meta property=\"og:locale\" content=\"cs_CZ\" \/>\n<meta property=\"og:type\" content=\"article\" \/>\n<meta property=\"og:title\" content=\"Z\u00e1sady ochrany osobn\u00edch \u00fadaj\u016f - Socca Czech Liga\" \/>\n<meta property=\"og:description\" content=\"Z\u00e1sady pr\u00e1ce s va\u0161imi \u00fadaji Jsme spole\u010dnost Czech Socca Association s.r.o.\u00a0 Provozujeme webov\u00e9 str\u00e1nky soccaczech.cz Pro poskytov\u00e1n\u00ed na\u0161ich slu\u017eeb, prodej zbo\u017e\u00ed a provoz na\u0161ich webov\u00fdch str\u00e1nek zpracov\u00e1v\u00e1me n\u011bkter\u00e9 osobn\u00ed \u00fadaje.&hellip;\" \/>\n<meta property=\"og:url\" content=\"https:\/\/soccaczech.cz\/liga\/gdpr\/\" \/>\n<meta property=\"og:site_name\" content=\"Socca Czech Liga\" \/>\n<meta property=\"article:publisher\" content=\"https:\/\/www.facebook.com\/profile.php?id=61575256934996\" \/>\n<meta property=\"article:modified_time\" content=\"2025-07-23T07:56:36+00:00\" \/>\n<meta property=\"og:image\" content=\"https:\/\/soccaczech.cz\/liga\/wp-content\/uploads\/2025\/07\/Socca-Czech-1.jpg\" \/>\n\t<meta property=\"og:image:width\" content=\"1440\" \/>\n\t<meta property=\"og:image:height\" content=\"1801\" \/>\n\t<meta property=\"og:image:type\" content=\"image\/jpeg\" \/>\n<meta name=\"twitter:card\" content=\"summary_large_image\" \/>\n<meta name=\"twitter:label1\" content=\"Odhadovan\u00e1 doba \u010dten\u00ed\" \/>\n\t<meta name=\"twitter:data1\" content=\"3 minuty\" \/>\n<script type=\"application\/ld+json\" class=\"yoast-schema-graph\">{\"@context\":\"https:\/\/schema.org\",\"@graph\":[{\"@type\":\"WebPage\",\"@id\":\"https:\/\/soccaczech.cz\/liga\/gdpr\/\",\"url\":\"https:\/\/soccaczech.cz\/liga\/gdpr\/\",\"name\":\"Z\u00e1sady ochrany osobn\u00edch \u00fadaj\u016f - Socca Czech Liga\",\"isPartOf\":{\"@id\":\"https:\/\/soccaczech.cz\/liga\/#website\"},\"datePublished\":\"2023-09-08T08:24:51+00:00\",\"dateModified\":\"2025-07-23T07:56:36+00:00\",\"breadcrumb\":{\"@id\":\"https:\/\/soccaczech.cz\/liga\/gdpr\/#breadcrumb\"},\"inLanguage\":\"cs\",\"potentialAction\":[{\"@type\":\"ReadAction\",\"target\":[\"https:\/\/soccaczech.cz\/liga\/gdpr\/\"]}]},{\"@type\":\"BreadcrumbList\",\"@id\":\"https:\/\/soccaczech.cz\/liga\/gdpr\/#breadcrumb\",\"itemListElement\":[{\"@type\":\"ListItem\",\"position\":1,\"name\":\"Dom\u016f\",\"item\":\"https:\/\/soccaczech.cz\/liga\/\"},{\"@type\":\"ListItem\",\"position\":2,\"name\":\"Z\u00e1sady ochrany osobn\u00edch \u00fadaj\u016f\"}]},{\"@type\":\"WebSite\",\"@id\":\"https:\/\/soccaczech.cz\/liga\/#website\",\"url\":\"https:\/\/soccaczech.cz\/liga\/\",\"name\":\"Socca Czech - \u010cesk\u00fd mal\u00fd fotbal vstupuje do nov\u00e9 \u00e9ry. P\u0159ich\u00e1z\u00ed Socca liga!\",\"description\":\"Nov\u00e1 \u00e9ra modern\u00edho fotbalu v \u010cR\",\"publisher\":{\"@id\":\"https:\/\/soccaczech.cz\/liga\/#organization\"},\"alternateName\":\"Sledujte v\u00fdsledky a novinky z \u010desk\u00e9 Socca Ligy \u2013 sout\u011b\u017ee, kter\u00e1 formuje budouc\u00ed reprezentanty pro n\u00e1rodn\u00ed turnaje mal\u00e9ho fotbalu.\",\"potentialAction\":[{\"@type\":\"SearchAction\",\"target\":{\"@type\":\"EntryPoint\",\"urlTemplate\":\"https:\/\/soccaczech.cz\/liga\/?s={search_term_string}\"},\"query-input\":{\"@type\":\"PropertyValueSpecification\",\"valueRequired\":true,\"valueName\":\"search_term_string\"}}],\"inLanguage\":\"cs\"},{\"@type\":\"Organization\",\"@id\":\"https:\/\/soccaczech.cz\/liga\/#organization\",\"name\":\"Socca Czech Liga\",\"url\":\"https:\/\/soccaczech.cz\/liga\/\",\"logo\":{\"@type\":\"ImageObject\",\"inLanguage\":\"cs\",\"@id\":\"https:\/\/soccaczech.cz\/liga\/#\/schema\/logo\/image\/\",\"url\":\"https:\/\/soccaczech.cz\/liga\/wp-content\/uploads\/2025\/07\/SoccaCzech_final_Kreslici-platno-1.png\",\"contentUrl\":\"https:\/\/soccaczech.cz\/liga\/wp-content\/uploads\/2025\/07\/SoccaCzech_final_Kreslici-platno-1.png\",\"width\":487,\"height\":665,\"caption\":\"Socca Czech Liga\"},\"image\":{\"@id\":\"https:\/\/soccaczech.cz\/liga\/#\/schema\/logo\/image\/\"},\"sameAs\":[\"https:\/\/www.facebook.com\/profile.php?id=61575256934996\",\"https:\/\/www.instagram.com\/soccaczech\/\"]}]}<\/script>\n<!-- \/ Yoast SEO plugin. -->","yoast_head_json":{"title":"Z\u00e1sady ochrany osobn\u00edch \u00fadaj\u016f - Socca Czech Liga","robots":{"index":"index","follow":"follow","max-snippet":"max-snippet:-1","max-image-preview":"max-image-preview:large","max-video-preview":"max-video-preview:-1"},"canonical":"https:\/\/soccaczech.cz\/liga\/gdpr\/","og_locale":"cs_CZ","og_type":"article","og_title":"Z\u00e1sady ochrany osobn\u00edch \u00fadaj\u016f - Socca Czech Liga","og_description":"Z\u00e1sady pr\u00e1ce s va\u0161imi \u00fadaji Jsme spole\u010dnost Czech Socca Association s.r.o.\u00a0 Provozujeme webov\u00e9 str\u00e1nky soccaczech.cz Pro poskytov\u00e1n\u00ed na\u0161ich slu\u017eeb, prodej zbo\u017e\u00ed a provoz na\u0161ich webov\u00fdch str\u00e1nek zpracov\u00e1v\u00e1me n\u011bkter\u00e9 osobn\u00ed \u00fadaje.&hellip;","og_url":"https:\/\/soccaczech.cz\/liga\/gdpr\/","og_site_name":"Socca Czech Liga","article_publisher":"https:\/\/www.facebook.com\/profile.php?id=61575256934996","article_modified_time":"2025-07-23T07:56:36+00:00","og_image":[{"width":1440,"height":1801,"url":"https:\/\/soccaczech.cz\/liga\/wp-content\/uploads\/2025\/07\/Socca-Czech-1.jpg","type":"image\/jpeg"}],"twitter_card":"summary_large_image","twitter_misc":{"Odhadovan\u00e1 doba \u010dten\u00ed":"3 minuty"},"schema":{"@context":"https:\/\/schema.org","@graph":[{"@type":"WebPage","@id":"https:\/\/soccaczech.cz\/liga\/gdpr\/","url":"https:\/\/soccaczech.cz\/liga\/gdpr\/","name":"Z\u00e1sady ochrany osobn\u00edch \u00fadaj\u016f - Socca Czech Liga","isPartOf":{"@id":"https:\/\/soccaczech.cz\/liga\/#website"},"datePublished":"2023-09-08T08:24:51+00:00","dateModified":"2025-07-23T07:56:36+00:00","breadcrumb":{"@id":"https:\/\/soccaczech.cz\/liga\/gdpr\/#breadcrumb"},"inLanguage":"cs","potentialAction":[{"@type":"ReadAction","target":["https:\/\/soccaczech.cz\/liga\/gdpr\/"]}]},{"@type":"BreadcrumbList","@id":"https:\/\/soccaczech.cz\/liga\/gdpr\/#breadcrumb","itemListElement":[{"@type":"ListItem","position":1,"name":"Dom\u016f","item":"https:\/\/soccaczech.cz\/liga\/"},{"@type":"ListItem","position":2,"name":"Z\u00e1sady ochrany osobn\u00edch \u00fadaj\u016f"}]},{"@type":"WebSite","@id":"https:\/\/soccaczech.cz\/liga\/#website","url":"https:\/\/soccaczech.cz\/liga\/","name":"Socca Czech - \u010cesk\u00fd mal\u00fd fotbal vstupuje do nov\u00e9 \u00e9ry. P\u0159ich\u00e1z\u00ed Socca liga!","description":"Nov\u00e1 \u00e9ra modern\u00edho fotbalu v \u010cR","publisher":{"@id":"https:\/\/soccaczech.cz\/liga\/#organization"},"alternateName":"Sledujte v\u00fdsledky a novinky z \u010desk\u00e9 Socca Ligy \u2013 sout\u011b\u017ee, kter\u00e1 formuje budouc\u00ed reprezentanty pro n\u00e1rodn\u00ed turnaje mal\u00e9ho fotbalu.","potentialAction":[{"@type":"SearchAction","target":{"@type":"EntryPoint","urlTemplate":"https:\/\/soccaczech.cz\/liga\/?s={search_term_string}"},"query-input":{"@type":"PropertyValueSpecification","valueRequired":true,"valueName":"search_term_string"}}],"inLanguage":"cs"},{"@type":"Organization","@id":"https:\/\/soccaczech.cz\/liga\/#organization","name":"Socca Czech Liga","url":"https:\/\/soccaczech.cz\/liga\/","logo":{"@type":"ImageObject","inLanguage":"cs","@id":"https:\/\/soccaczech.cz\/liga\/#\/schema\/logo\/image\/","url":"https:\/\/soccaczech.cz\/liga\/wp-content\/uploads\/2025\/07\/SoccaCzech_final_Kreslici-platno-1.png","contentUrl":"https:\/\/soccaczech.cz\/liga\/wp-content\/uploads\/2025\/07\/SoccaCzech_final_Kreslici-platno-1.png","width":487,"height":665,"caption":"Socca Czech Liga"},"image":{"@id":"https:\/\/soccaczech.cz\/liga\/#\/schema\/logo\/image\/"},"sameAs":["https:\/\/www.facebook.com\/profile.php?id=61575256934996","https:\/\/www.instagram.com\/soccaczech\/"]}]}},"_links":{"self":[{"href":"https:\/\/soccaczech.cz\/liga\/wp-json\/wp\/v2\/pages\/26384","targetHints":{"allow":["GET"]}}],"collection":[{"href":"https:\/\/soccaczech.cz\/liga\/wp-json\/wp\/v2\/pages"}],"about":[{"href":"https:\/\/soccaczech.cz\/liga\/wp-json\/wp\/v2\/types\/page"}],"author":[{"embeddable":true,"href":"https:\/\/soccaczech.cz\/liga\/wp-json\/wp\/v2\/users\/1"}],"replies":[{"embeddable":true,"href":"https:\/\/soccaczech.cz\/liga\/wp-json\/wp\/v2\/comments?post=26384"}],"version-history":[{"count":5,"href":"https:\/\/soccaczech.cz\/liga\/wp-json\/wp\/v2\/pages\/26384\/revisions"}],"predecessor-version":[{"id":46472,"href":"https:\/\/soccaczech.cz\/liga\/wp-json\/wp\/v2\/pages\/26384\/revisions\/46472"}],"wp:attachment":[{"href":"https:\/\/soccaczech.cz\/liga\/wp-json\/wp\/v2\/media?parent=26384"}],"curies":[{"name":"wp","href":"https:\/\/api.w.org\/{rel}","templated":true}]}}