{"id":26574,"date":"2023-09-11T05:43:03","date_gmt":"2023-09-11T05:43:03","guid":{"rendered":"https:\/\/soccaczech.cz\/liga\/?page_id=26574"},"modified":"2026-02-08T09:46:01","modified_gmt":"2026-02-08T08:46:01","slug":"dokumenty","status":"publish","type":"page","link":"https:\/\/soccaczech.cz\/liga\/dokumenty\/","title":{"rendered":"Dokumenty"},"content":{"rendered":"\t\t<div data-elementor-type=\"wp-page\" data-elementor-id=\"26574\" class=\"elementor elementor-26574\">\n\t\t\t\t\t\t<section class=\"elementor-section elementor-top-section elementor-element elementor-element-8b15687 elementor-section-boxed elementor-section-height-default elementor-section-height-default sc_fly_static\" data-id=\"8b15687\" data-element_type=\"section\">\n\t\t\t\t\t\t<div class=\"elementor-container elementor-column-gap-extended\">\n\t\t\t\t\t<div class=\"elementor-column elementor-col-100 elementor-top-column elementor-element elementor-element-b9e9f50 sc_content_align_inherit sc_layouts_column_icons_position_left sc_fly_static\" data-id=\"b9e9f50\" data-element_type=\"column\">\n\t\t\t<div class=\"elementor-widget-wrap elementor-element-populated\">\n\t\t\t\t\t\t<div class=\"elementor-element elementor-element-f9847fb elementor-align-center sc_fly_static elementor-widget elementor-widget-button\" data-id=\"f9847fb\" data-element_type=\"widget\" data-widget_type=\"button.default\">\n\t\t\t\t<div class=\"elementor-widget-container\">\n\t\t\t\t\t\t\t\t\t<div class=\"elementor-button-wrapper\">\n\t\t\t\t\t<a class=\"elementor-button elementor-button-link elementor-size-sm\" href=\"https:\/\/soccaczech.cz\/liga\/wp-content\/uploads\/2025\/07\/Pravidla-Socca-Czech-8_2025_2.pdf\">\n\t\t\t\t\t\t<span class=\"elementor-button-content-wrapper\">\n\t\t\t\t\t\t\t\t\t<span class=\"elementor-button-text\">Pravidla socca czech ligy<\/span>\n\t\t\t\t\t<\/span>\n\t\t\t\t\t<\/a>\n\t\t\t\t<\/div>\n\t\t\t\t\t\t\t\t<\/div>\n\t\t\t\t<\/div>\n\t\t\t\t<div class=\"elementor-element elementor-element-30b363f elementor-align-center sc_fly_static elementor-widget elementor-widget-button\" data-id=\"30b363f\" data-element_type=\"widget\" data-widget_type=\"button.default\">\n\t\t\t\t<div class=\"elementor-widget-container\">\n\t\t\t\t\t\t\t\t\t<div class=\"elementor-button-wrapper\">\n\t\t\t\t\t<a class=\"elementor-button elementor-button-link elementor-size-sm\" href=\"https:\/\/soccaczech.cz\/liga\/wp-content\/uploads\/2025\/08\/Propozice-souteze-Socca-liga-podzim-25-web.pdf\">\n\t\t\t\t\t\t<span class=\"elementor-button-content-wrapper\">\n\t\t\t\t\t\t\t\t\t<span class=\"elementor-button-text\">PROPOZICE SOUT\u011a\u017dE<\/span>\n\t\t\t\t\t<\/span>\n\t\t\t\t\t<\/a>\n\t\t\t\t<\/div>\n\t\t\t\t\t\t\t\t<\/div>\n\t\t\t\t<\/div>\n\t\t\t\t<div class=\"elementor-element elementor-element-b2dee07 elementor-align-center sc_fly_static elementor-widget elementor-widget-button\" data-id=\"b2dee07\" data-element_type=\"widget\" data-widget_type=\"button.default\">\n\t\t\t\t<div class=\"elementor-widget-container\">\n\t\t\t\t\t\t\t\t\t<div class=\"elementor-button-wrapper\">\n\t\t\t\t\t<a class=\"elementor-button elementor-button-link elementor-size-sm\" href=\"https:\/\/soccaczech.cz\/liga\/wp-content\/uploads\/2025\/08\/Soutezni-rad-SOCCA-CZECH-verze-8_25.pdf\">\n\t\t\t\t\t\t<span class=\"elementor-button-content-wrapper\">\n\t\t\t\t\t\t\t\t\t<span class=\"elementor-button-text\">Sout\u011b\u017en\u00ed \u0159\u00e1d soccaczech<\/span>\n\t\t\t\t\t<\/span>\n\t\t\t\t\t<\/a>\n\t\t\t\t<\/div>\n\t\t\t\t\t\t\t\t<\/div>\n\t\t\t\t<\/div>\n\t\t\t\t<div class=\"elementor-element elementor-element-15590d6 elementor-align-center sc_fly_static elementor-widget elementor-widget-button\" data-id=\"15590d6\" data-element_type=\"widget\" data-widget_type=\"button.default\">\n\t\t\t\t<div class=\"elementor-widget-container\">\n\t\t\t\t\t\t\t\t\t<div class=\"elementor-button-wrapper\">\n\t\t\t\t\t<a class=\"elementor-button elementor-button-link elementor-size-sm\" href=\"https:\/\/soccaczech.cz\/liga\/wp-content\/uploads\/2025\/08\/Disciplinarni-rad-SoccaCzech.pdf\">\n\t\t\t\t\t\t<span class=\"elementor-button-content-wrapper\">\n\t\t\t\t\t\t\t\t\t<span class=\"elementor-button-text\">Disciplin\u00e1rn\u00ed \u0159\u00e1d <\/span>\n\t\t\t\t\t<\/span>\n\t\t\t\t\t<\/a>\n\t\t\t\t<\/div>\n\t\t\t\t\t\t\t\t<\/div>\n\t\t\t\t<\/div>\n\t\t\t\t<div class=\"elementor-element elementor-element-c805085 elementor-align-center sc_fly_static elementor-widget elementor-widget-button\" data-id=\"c805085\" data-element_type=\"widget\" data-widget_type=\"button.default\">\n\t\t\t\t<div class=\"elementor-widget-container\">\n\t\t\t\t\t\t\t\t\t<div class=\"elementor-button-wrapper\">\n\t\t\t\t\t<a class=\"elementor-button elementor-button-link elementor-size-sm\" href=\"https:\/\/soccaczech.cz\/liga\/wp-content\/uploads\/2025\/08\/SAZEBNIK-POPLATKU-POKUT-A-ODMEN.pdf\">\n\t\t\t\t\t\t<span class=\"elementor-button-content-wrapper\">\n\t\t\t\t\t\t\t\t\t<span class=\"elementor-button-text\">SAZEBN\u00cdK POPLATK\u016e, POKUT A ODM\u011aN<\/span>\n\t\t\t\t\t<\/span>\n\t\t\t\t\t<\/a>\n\t\t\t\t<\/div>\n\t\t\t\t\t\t\t\t<\/div>\n\t\t\t\t<\/div>\n\t\t\t\t<div class=\"elementor-element elementor-element-4a955b0 elementor-align-center sc_fly_static elementor-widget elementor-widget-button\" data-id=\"4a955b0\" data-element_type=\"widget\" data-widget_type=\"button.default\">\n\t\t\t\t<div class=\"elementor-widget-container\">\n\t\t\t\t\t\t\t\t\t<div class=\"elementor-button-wrapper\">\n\t\t\t\t\t<a class=\"elementor-button elementor-button-link elementor-size-sm\" href=\"https:\/\/soccaczech.cz\/liga\/wp-content\/uploads\/2025\/08\/PRIKLADOVY-SAZEBNIK-TRESTU-socca.pdf\">\n\t\t\t\t\t\t<span class=\"elementor-button-content-wrapper\">\n\t\t\t\t\t\t\t\t\t<span class=\"elementor-button-text\">P\u0158\u00cdKLADOV\u00dd SAZEBN\u00cdK TREST\u016e<\/span>\n\t\t\t\t\t<\/span>\n\t\t\t\t\t<\/a>\n\t\t\t\t<\/div>\n\t\t\t\t\t\t\t\t<\/div>\n\t\t\t\t<\/div>\n\t\t\t\t<div class=\"elementor-element elementor-element-fc8c7eb elementor-align-center sc_fly_static elementor-widget elementor-widget-button\" data-id=\"fc8c7eb\" data-element_type=\"widget\" data-widget_type=\"button.default\">\n\t\t\t\t<div class=\"elementor-widget-container\">\n\t\t\t\t\t\t\t\t\t<div class=\"elementor-button-wrapper\">\n\t\t\t\t\t<a class=\"elementor-button elementor-button-link elementor-size-sm\" href=\"https:\/\/soccaczech.cz\/liga\/soupiska\/\">\n\t\t\t\t\t\t<span class=\"elementor-button-content-wrapper\">\n\t\t\t\t\t\t\t\t\t<span class=\"elementor-button-text\">registrace hr\u00e1\u010de na soupisku<\/span>\n\t\t\t\t\t<\/span>\n\t\t\t\t\t<\/a>\n\t\t\t\t<\/div>\n\t\t\t\t\t\t\t\t<\/div>\n\t\t\t\t<\/div>\n\t\t\t\t<div class=\"elementor-element elementor-element-5c6bcb6 elementor-align-center sc_fly_static elementor-widget elementor-widget-button\" data-id=\"5c6bcb6\" data-element_type=\"widget\" data-widget_type=\"button.default\">\n\t\t\t\t<div class=\"elementor-widget-container\">\n\t\t\t\t\t\t\t\t\t<div class=\"elementor-button-wrapper\">\n\t\t\t\t\t<a class=\"elementor-button elementor-button-link elementor-size-sm\" href=\"https:\/\/soccaczech.cz\/wp-content\/uploads\/2025\/05\/OFICIALNI-PROHLASENI-PRO-HRACE.pdf\">\n\t\t\t\t\t\t<span class=\"elementor-button-content-wrapper\">\n\t\t\t\t\t\t\t\t\t<span class=\"elementor-button-text\">Ofici\u00e1ln\u00ed prohl\u00e1\u0161en\u00ed pro hr\u00e1\u010de<\/span>\n\t\t\t\t\t<\/span>\n\t\t\t\t\t<\/a>\n\t\t\t\t<\/div>\n\t\t\t\t\t\t\t\t<\/div>\n\t\t\t\t<\/div>\n\t\t\t\t<div class=\"elementor-element elementor-element-64acbbc elementor-align-center sc_fly_static elementor-widget elementor-widget-button\" data-id=\"64acbbc\" data-element_type=\"widget\" data-widget_type=\"button.default\">\n\t\t\t\t<div class=\"elementor-widget-container\">\n\t\t\t\t\t\t\t\t\t<div class=\"elementor-button-wrapper\">\n\t\t\t\t\t<a class=\"elementor-button elementor-button-link elementor-size-sm\" href=\"https:\/\/soccaczech.cz\/SoccaCzech_prezentace_2026.pdf\">\n\t\t\t\t\t\t<span class=\"elementor-button-content-wrapper\">\n\t\t\t\t\t\t\t\t\t<span class=\"elementor-button-text\">PDF NAB\u00cdDKA - PRO PARTNERY<\/span>\n\t\t\t\t\t<\/span>\n\t\t\t\t\t<\/a>\n\t\t\t\t<\/div>\n\t\t\t\t\t\t\t\t<\/div>\n\t\t\t\t<\/div>\n\t\t\t\t\t<\/div>\n\t\t<\/div>\n\t\t\t\t\t<\/div>\n\t\t<\/section>\n\t\t\t\t<\/div>\n\t\t","protected":false},"excerpt":{"rendered":"<p>Pravidla socca czech ligy PROPOZICE SOUT\u011a\u017dE Sout\u011b\u017en\u00ed \u0159\u00e1d soccaczech Disciplin\u00e1rn\u00ed \u0159\u00e1d SAZEBN\u00cdK POPLATK\u016e, POKUT A ODM\u011aN P\u0158\u00cdKLADOV\u00dd SAZEBN\u00cdK TREST\u016e registrace hr\u00e1\u010de na soupisku Ofici\u00e1ln\u00ed prohl\u00e1\u0161en\u00ed pro hr\u00e1\u010de PDF NAB\u00cdDKA &#8211;&hellip;<\/p>\n","protected":false},"author":1,"featured_media":0,"parent":0,"menu_order":0,"comment_status":"closed","ping_status":"closed","template":"","meta":{"footnotes":""},"class_list":["post-26574","page","type-page","status-publish","hentry"],"yoast_head":"<!-- This site is optimized with the Yoast SEO plugin v25.7 - https:\/\/yoast.com\/wordpress\/plugins\/seo\/ -->\n<title>Dokumenty - Socca Czech Liga<\/title>\n<meta name=\"robots\" content=\"index, follow, max-snippet:-1, max-image-preview:large, max-video-preview:-1\" \/>\n<link rel=\"canonical\" href=\"https:\/\/soccaczech.cz\/liga\/dokumenty\/\" \/>\n<meta property=\"og:locale\" content=\"cs_CZ\" \/>\n<meta property=\"og:type\" content=\"article\" \/>\n<meta property=\"og:title\" content=\"Dokumenty - Socca Czech Liga\" \/>\n<meta property=\"og:description\" content=\"Pravidla socca czech ligy PROPOZICE SOUT\u011a\u017dE Sout\u011b\u017en\u00ed \u0159\u00e1d soccaczech Disciplin\u00e1rn\u00ed \u0159\u00e1d SAZEBN\u00cdK POPLATK\u016e, POKUT A ODM\u011aN P\u0158\u00cdKLADOV\u00dd SAZEBN\u00cdK TREST\u016e registrace hr\u00e1\u010de na soupisku Ofici\u00e1ln\u00ed prohl\u00e1\u0161en\u00ed pro hr\u00e1\u010de PDF NAB\u00cdDKA &#8211;&hellip;\" \/>\n<meta property=\"og:url\" content=\"https:\/\/soccaczech.cz\/liga\/dokumenty\/\" \/>\n<meta property=\"og:site_name\" content=\"Socca Czech Liga\" \/>\n<meta property=\"article:publisher\" content=\"https:\/\/www.facebook.com\/profile.php?id=61575256934996\" \/>\n<meta property=\"article:modified_time\" content=\"2026-02-08T08:46:01+00:00\" \/>\n<meta property=\"og:image\" content=\"https:\/\/soccaczech.cz\/liga\/wp-content\/uploads\/2025\/07\/Socca-Czech-1.jpg\" \/>\n\t<meta property=\"og:image:width\" content=\"1440\" \/>\n\t<meta property=\"og:image:height\" content=\"1801\" \/>\n\t<meta property=\"og:image:type\" content=\"image\/jpeg\" \/>\n<meta name=\"twitter:card\" content=\"summary_large_image\" \/>\n<script type=\"application\/ld+json\" class=\"yoast-schema-graph\">{\"@context\":\"https:\/\/schema.org\",\"@graph\":[{\"@type\":\"WebPage\",\"@id\":\"https:\/\/soccaczech.cz\/liga\/dokumenty\/\",\"url\":\"https:\/\/soccaczech.cz\/liga\/dokumenty\/\",\"name\":\"Dokumenty - Socca Czech Liga\",\"isPartOf\":{\"@id\":\"https:\/\/soccaczech.cz\/liga\/#website\"},\"datePublished\":\"2023-09-11T05:43:03+00:00\",\"dateModified\":\"2026-02-08T08:46:01+00:00\",\"breadcrumb\":{\"@id\":\"https:\/\/soccaczech.cz\/liga\/dokumenty\/#breadcrumb\"},\"inLanguage\":\"cs\",\"potentialAction\":[{\"@type\":\"ReadAction\",\"target\":[\"https:\/\/soccaczech.cz\/liga\/dokumenty\/\"]}]},{\"@type\":\"BreadcrumbList\",\"@id\":\"https:\/\/soccaczech.cz\/liga\/dokumenty\/#breadcrumb\",\"itemListElement\":[{\"@type\":\"ListItem\",\"position\":1,\"name\":\"Dom\u016f\",\"item\":\"https:\/\/soccaczech.cz\/liga\/\"},{\"@type\":\"ListItem\",\"position\":2,\"name\":\"Dokumenty\"}]},{\"@type\":\"WebSite\",\"@id\":\"https:\/\/soccaczech.cz\/liga\/#website\",\"url\":\"https:\/\/soccaczech.cz\/liga\/\",\"name\":\"Socca Czech - \u010cesk\u00fd mal\u00fd fotbal vstupuje do nov\u00e9 \u00e9ry. P\u0159ich\u00e1z\u00ed Socca liga!\",\"description\":\"Nov\u00e1 \u00e9ra modern\u00edho fotbalu v \u010cR\",\"publisher\":{\"@id\":\"https:\/\/soccaczech.cz\/liga\/#organization\"},\"alternateName\":\"Sledujte v\u00fdsledky a novinky z \u010desk\u00e9 Socca Ligy \u2013 sout\u011b\u017ee, kter\u00e1 formuje budouc\u00ed reprezentanty pro n\u00e1rodn\u00ed turnaje mal\u00e9ho fotbalu.\",\"potentialAction\":[{\"@type\":\"SearchAction\",\"target\":{\"@type\":\"EntryPoint\",\"urlTemplate\":\"https:\/\/soccaczech.cz\/liga\/?s={search_term_string}\"},\"query-input\":{\"@type\":\"PropertyValueSpecification\",\"valueRequired\":true,\"valueName\":\"search_term_string\"}}],\"inLanguage\":\"cs\"},{\"@type\":\"Organization\",\"@id\":\"https:\/\/soccaczech.cz\/liga\/#organization\",\"name\":\"Socca Czech Liga\",\"url\":\"https:\/\/soccaczech.cz\/liga\/\",\"logo\":{\"@type\":\"ImageObject\",\"inLanguage\":\"cs\",\"@id\":\"https:\/\/soccaczech.cz\/liga\/#\/schema\/logo\/image\/\",\"url\":\"https:\/\/soccaczech.cz\/liga\/wp-content\/uploads\/2025\/07\/SoccaCzech_final_Kreslici-platno-1.png\",\"contentUrl\":\"https:\/\/soccaczech.cz\/liga\/wp-content\/uploads\/2025\/07\/SoccaCzech_final_Kreslici-platno-1.png\",\"width\":487,\"height\":665,\"caption\":\"Socca Czech Liga\"},\"image\":{\"@id\":\"https:\/\/soccaczech.cz\/liga\/#\/schema\/logo\/image\/\"},\"sameAs\":[\"https:\/\/www.facebook.com\/profile.php?id=61575256934996\",\"https:\/\/www.instagram.com\/soccaczech\/\"]}]}<\/script>\n<!-- \/ Yoast SEO plugin. -->","yoast_head_json":{"title":"Dokumenty - Socca Czech Liga","robots":{"index":"index","follow":"follow","max-snippet":"max-snippet:-1","max-image-preview":"max-image-preview:large","max-video-preview":"max-video-preview:-1"},"canonical":"https:\/\/soccaczech.cz\/liga\/dokumenty\/","og_locale":"cs_CZ","og_type":"article","og_title":"Dokumenty - Socca Czech Liga","og_description":"Pravidla socca czech ligy PROPOZICE SOUT\u011a\u017dE Sout\u011b\u017en\u00ed \u0159\u00e1d soccaczech Disciplin\u00e1rn\u00ed \u0159\u00e1d SAZEBN\u00cdK POPLATK\u016e, POKUT A ODM\u011aN P\u0158\u00cdKLADOV\u00dd SAZEBN\u00cdK TREST\u016e registrace hr\u00e1\u010de na soupisku Ofici\u00e1ln\u00ed prohl\u00e1\u0161en\u00ed pro hr\u00e1\u010de PDF NAB\u00cdDKA &#8211;&hellip;","og_url":"https:\/\/soccaczech.cz\/liga\/dokumenty\/","og_site_name":"Socca Czech Liga","article_publisher":"https:\/\/www.facebook.com\/profile.php?id=61575256934996","article_modified_time":"2026-02-08T08:46:01+00:00","og_image":[{"width":1440,"height":1801,"url":"https:\/\/soccaczech.cz\/liga\/wp-content\/uploads\/2025\/07\/Socca-Czech-1.jpg","type":"image\/jpeg"}],"twitter_card":"summary_large_image","schema":{"@context":"https:\/\/schema.org","@graph":[{"@type":"WebPage","@id":"https:\/\/soccaczech.cz\/liga\/dokumenty\/","url":"https:\/\/soccaczech.cz\/liga\/dokumenty\/","name":"Dokumenty - Socca Czech Liga","isPartOf":{"@id":"https:\/\/soccaczech.cz\/liga\/#website"},"datePublished":"2023-09-11T05:43:03+00:00","dateModified":"2026-02-08T08:46:01+00:00","breadcrumb":{"@id":"https:\/\/soccaczech.cz\/liga\/dokumenty\/#breadcrumb"},"inLanguage":"cs","potentialAction":[{"@type":"ReadAction","target":["https:\/\/soccaczech.cz\/liga\/dokumenty\/"]}]},{"@type":"BreadcrumbList","@id":"https:\/\/soccaczech.cz\/liga\/dokumenty\/#breadcrumb","itemListElement":[{"@type":"ListItem","position":1,"name":"Dom\u016f","item":"https:\/\/soccaczech.cz\/liga\/"},{"@type":"ListItem","position":2,"name":"Dokumenty"}]},{"@type":"WebSite","@id":"https:\/\/soccaczech.cz\/liga\/#website","url":"https:\/\/soccaczech.cz\/liga\/","name":"Socca Czech - \u010cesk\u00fd mal\u00fd fotbal vstupuje do nov\u00e9 \u00e9ry. P\u0159ich\u00e1z\u00ed Socca liga!","description":"Nov\u00e1 \u00e9ra modern\u00edho fotbalu v \u010cR","publisher":{"@id":"https:\/\/soccaczech.cz\/liga\/#organization"},"alternateName":"Sledujte v\u00fdsledky a novinky z \u010desk\u00e9 Socca Ligy \u2013 sout\u011b\u017ee, kter\u00e1 formuje budouc\u00ed reprezentanty pro n\u00e1rodn\u00ed turnaje mal\u00e9ho fotbalu.","potentialAction":[{"@type":"SearchAction","target":{"@type":"EntryPoint","urlTemplate":"https:\/\/soccaczech.cz\/liga\/?s={search_term_string}"},"query-input":{"@type":"PropertyValueSpecification","valueRequired":true,"valueName":"search_term_string"}}],"inLanguage":"cs"},{"@type":"Organization","@id":"https:\/\/soccaczech.cz\/liga\/#organization","name":"Socca Czech Liga","url":"https:\/\/soccaczech.cz\/liga\/","logo":{"@type":"ImageObject","inLanguage":"cs","@id":"https:\/\/soccaczech.cz\/liga\/#\/schema\/logo\/image\/","url":"https:\/\/soccaczech.cz\/liga\/wp-content\/uploads\/2025\/07\/SoccaCzech_final_Kreslici-platno-1.png","contentUrl":"https:\/\/soccaczech.cz\/liga\/wp-content\/uploads\/2025\/07\/SoccaCzech_final_Kreslici-platno-1.png","width":487,"height":665,"caption":"Socca Czech Liga"},"image":{"@id":"https:\/\/soccaczech.cz\/liga\/#\/schema\/logo\/image\/"},"sameAs":["https:\/\/www.facebook.com\/profile.php?id=61575256934996","https:\/\/www.instagram.com\/soccaczech\/"]}]}},"_links":{"self":[{"href":"https:\/\/soccaczech.cz\/liga\/wp-json\/wp\/v2\/pages\/26574","targetHints":{"allow":["GET"]}}],"collection":[{"href":"https:\/\/soccaczech.cz\/liga\/wp-json\/wp\/v2\/pages"}],"about":[{"href":"https:\/\/soccaczech.cz\/liga\/wp-json\/wp\/v2\/types\/page"}],"author":[{"embeddable":true,"href":"https:\/\/soccaczech.cz\/liga\/wp-json\/wp\/v2\/users\/1"}],"replies":[{"embeddable":true,"href":"https:\/\/soccaczech.cz\/liga\/wp-json\/wp\/v2\/comments?post=26574"}],"version-history":[{"count":54,"href":"https:\/\/soccaczech.cz\/liga\/wp-json\/wp\/v2\/pages\/26574\/revisions"}],"predecessor-version":[{"id":47814,"href":"https:\/\/soccaczech.cz\/liga\/wp-json\/wp\/v2\/pages\/26574\/revisions\/47814"}],"wp:attachment":[{"href":"https:\/\/soccaczech.cz\/liga\/wp-json\/wp\/v2\/media?parent=26574"}],"curies":[{"name":"wp","href":"https:\/\/api.w.org\/{rel}","templated":true}]}}