{"id":45483,"date":"2025-07-13T14:12:39","date_gmt":"2025-07-13T12:12:39","guid":{"rendered":"https:\/\/soccaczech.cz\/liga\/?page_id=45483"},"modified":"2025-07-14T14:14:32","modified_gmt":"2025-07-14T12:14:32","slug":"registrace","status":"publish","type":"page","link":"https:\/\/soccaczech.cz\/liga\/registrace\/","title":{"rendered":"Registrace"},"content":{"rendered":"\t\t<div data-elementor-type=\"wp-page\" data-elementor-id=\"45483\" class=\"elementor elementor-45483\">\n\t\t\t\t\t\t<section class=\"elementor-section elementor-top-section elementor-element elementor-element-368a555 elementor-section-boxed elementor-section-height-default elementor-section-height-default sc_fly_static\" data-id=\"368a555\" data-element_type=\"section\">\n\t\t\t\t\t\t<div class=\"elementor-container elementor-column-gap-extended\">\n\t\t\t\t\t<div class=\"elementor-column elementor-col-100 elementor-top-column elementor-element elementor-element-f678050 sc_content_align_inherit sc_layouts_column_icons_position_left sc_fly_static\" data-id=\"f678050\" data-element_type=\"column\">\n\t\t\t<div class=\"elementor-widget-wrap elementor-element-populated\">\n\t\t\t\t\t\t<div class=\"elementor-element elementor-element-f2a8b66 sc_height_huge sc_fly_static elementor-widget elementor-widget-spacer\" data-id=\"f2a8b66\" data-element_type=\"widget\" data-widget_type=\"spacer.default\">\n\t\t\t\t<div class=\"elementor-widget-container\">\n\t\t\t\t\t\t\t<div class=\"elementor-spacer\">\n\t\t\t<div class=\"elementor-spacer-inner\"><\/div>\n\t\t<\/div>\n\t\t\t\t\t\t<\/div>\n\t\t\t\t<\/div>\n\t\t\t\t\t<\/div>\n\t\t<\/div>\n\t\t\t\t\t<\/div>\n\t\t<\/section>\n\t\t\t\t<section class=\"elementor-section elementor-top-section elementor-element elementor-element-912428a elementor-section-boxed elementor-section-height-default elementor-section-height-default sc_fly_static\" data-id=\"912428a\" data-element_type=\"section\" data-settings=\"{&quot;background_background&quot;:&quot;classic&quot;}\">\n\t\t\t\t\t\t<div class=\"elementor-container elementor-column-gap-extended\">\n\t\t\t\t\t<div class=\"elementor-column elementor-col-100 elementor-top-column elementor-element elementor-element-b4785a9 sc_content_align_inherit sc_layouts_column_icons_position_left sc_fly_static\" data-id=\"b4785a9\" data-element_type=\"column\">\n\t\t\t<div class=\"elementor-widget-wrap elementor-element-populated\">\n\t\t\t\t\t\t<div class=\"elementor-element elementor-element-30525e6 sc_fly_static elementor-widget elementor-widget-trx_sc_title\" data-id=\"30525e6\" data-element_type=\"widget\" data-widget_type=\"trx_sc_title.default\">\n\t\t\t\t<div class=\"elementor-widget-container\">\n\t\t\t\t\t<div\t\tclass=\"sc_title sc_title_icon\" ><span class=\"sc_item_subtitle sc_title_subtitle sc_align_center sc_item_subtitle_above sc_item_title_style_icon\">Chcete se utkat o POH\u00c1R A VSTUPENKU DO SOCCA CHAMPIONS LEAGUE v n\u00e1sleduj\u00edc\u00ed sez\u00f3n\u011b?<\/span><h2 class=\"sc_item_title sc_title_title sc_align_center sc_item_title_style_icon\"\n\t\t\t><span class=\"sc_item_title_text\">REGISTRACE T\u00ddMU<\/span><\/h2><div class=\"sc_item_descr sc_title_descr sc_align_center\"><p>PRO ROK 2026<\/p>\n<\/div><\/div>\t\t\t\t<\/div>\n\t\t\t\t<\/div>\n\t\t\t\t<div class=\"elementor-element elementor-element-7c387f7 fluentform-widget-submit-button-center fluent-form-widget-step-header-yes fluent-form-widget-step-progressbar-yes fluentform-widget-submit-button-custom sc_fly_static elementor-widget elementor-widget-fluent-form-widget\" data-id=\"7c387f7\" data-element_type=\"widget\" data-widget_type=\"fluent-form-widget.default\">\n\t\t\t\t<div class=\"elementor-widget-container\">\n\t\t\t\t\t\n            <div class=\"fluentform-widget-wrapper fluentform-widget-align-default\">\n\n            \n            <div class='fluentform ff-default fluentform_wrapper_5 ffs_default_wrap'><form data-form_id=\"5\" id=\"fluentform_5\" class=\"frm-fluent-form fluent_form_5 ff-el-form-top ff_form_instance_5_1 ff-form-loading ffs_default\" data-form_instance=\"ff_form_instance_5_1\" method=\"POST\" ><fieldset  style=\"border: none!important;margin: 0!important;padding: 0!important;background-color: transparent!important;box-shadow: none!important;outline: none!important; min-inline-size: 100%;\">\n                    <legend class=\"ff_screen_reader_title\" style=\"display: block; margin: 0!important;padding: 0!important;height: 0!important;text-indent: -999999px;width: 0!important;overflow:hidden;\">Registrace t\u00fdmu 2026<\/legend>        <div\n                style=\"display: none!important; position: absolute!important; transform: translateX(1000%)!important;\"\n                class=\"ff-el-group ff-hpsf-container\"\n        >\n            <div class=\"ff-el-input--label asterisk-right\">\n                <label for=\"ff_5_item_sf\" aria-label=\"Notify\">\n                    Notify                <\/label>\n            <\/div>\n            <div class=\"ff-el-input--content\">\n                <input type=\"text\"\n                       name=\"item_5__fluent_sf\"\n                       class=\"ff-el-form-control\"\n                       id=\"ff_5_item_sf\"\n                \/>\n            <\/div>\n        <\/div>\n        <input type='hidden' name='__fluent_form_embded_post_id' value='45483' \/><input type=\"hidden\" id=\"_fluentform_5_fluentformnonce\" name=\"_fluentform_5_fluentformnonce\" value=\"3442474e46\" \/><input type=\"hidden\" name=\"_wp_http_referer\" value=\"\/liga\/wp-json\/wp\/v2\/pages\/45483\" \/><div data-type=\"name-element\" data-name=\"names\" class=\" ff-field_container ff-name-field-wrapper\" ><div class='ff-t-container'><div class='ff-t-cell '><div class='ff-el-group'><div class=\"ff-el-input--label ff-el-is-required asterisk-right\"><label for='ff_5_names_first_name_' >Jm\u00e9no<\/label><\/div><div class='ff-el-input--content'><input type=\"text\" name=\"names[first_name]\" id=\"ff_5_names_first_name_\" class=\"ff-el-form-control\" placeholder=\"Jm\u00e9no\" aria-invalid=\"false\" aria-required=true><\/div><\/div><\/div><\/div><\/div><div class='ff-el-group'><div class=\"ff-el-input--label ff-el-is-required asterisk-right\"><label for='ff_5_input_text' aria-label=\"N\u00e1zev t\u00fdmu\">N\u00e1zev t\u00fdmu<\/label><\/div><div class='ff-el-input--content'><input type=\"text\" name=\"input_text\" class=\"ff-el-form-control\" placeholder=\"N\u00e1zev t\u00fdmu\" data-name=\"input_text\" id=\"ff_5_input_text\"  aria-invalid=\"false\" aria-required=true><\/div><\/div><div class='ff-el-group'><div class=\"ff-el-input--label ff-el-is-required asterisk-right\"><label for='ff_5_input_text_1' aria-label=\"Telefon\">Telefon<\/label><\/div><div class='ff-el-input--content'><input type=\"text\" name=\"input_text_1\" class=\"ff-el-form-control\" placeholder=\"777 888 999\" data-name=\"input_text_1\" id=\"ff_5_input_text_1\"  aria-invalid=\"false\" aria-required=true><\/div><\/div><div class='ff-el-group'><div class=\"ff-el-input--label ff-el-is-required asterisk-right\"><label for='ff_5_email' aria-label=\"Email\">Email<\/label><\/div><div class='ff-el-input--content'><input type=\"email\" name=\"email\" id=\"ff_5_email\" class=\"ff-el-form-control\" placeholder=\"Email\" data-name=\"email\"  aria-invalid=\"false\" aria-required=true><\/div><\/div><div class='ff-el-group'><div class=\"ff-el-input--label ff-el-is-required asterisk-right\"><label for='ff_5_message' aria-label=\"Va\u0161e zpr\u00e1va\">Va\u0161e zpr\u00e1va<\/label><\/div><div class='ff-el-input--content'><textarea aria-invalid=\"false\" aria-required=true name=\"message\" id=\"ff_5_message\" class=\"ff-el-form-control\" placeholder=\"Va\u0161e zpr\u00e1va\" rows=\"4\" cols=\"2\" data-name=\"message\" ><\/textarea><\/div><\/div><div class='ff-el-group    ff-el-input--content'><div class='ff-el-form-check ff-el-tc'><label aria-label='Odesl\u00e1n\u00edm formul\u00e1\u0159e souhlas\u00edm se zpracov\u00e1n\u00edm osobn\u00edch \u00fadaj\u016f pro Czech Socca Association s.r.o.' class='ff-el-form-check-label ff_tc_label' for=terms-n-condition_6e36dfd834a8fdb167f8b82f2f7619c9> <div class='ff_t_c'><p>Odesl\u00e1n\u00edm formul\u00e1\u0159e souhlas\u00edm se zpracov\u00e1n\u00edm osobn\u00edch \u00fadaj\u016f pro Czech Socca Association s.r.o.<\/p><\/div><\/label><\/div><\/div><div class='ff-el-group ff-text-left ff_submit_btn_wrapper'><button type=\"submit\" class=\"ff-btn ff-btn-submit ff-btn-md ff_btn_style\" >Odeslat<\/button><\/div><\/fieldset><\/form><div id='fluentform_5_errors' class='ff-errors-in-stack ff_form_instance_5_1 ff-form-loading_errors ff_form_instance_5_1_errors'><\/div><\/div>        <script type=\"text\/javascript\">\n            window.fluent_form_ff_form_instance_5_1 = {\"id\":\"5\",\"settings\":{\"layout\":{\"labelPlacement\":\"top\",\"helpMessagePlacement\":\"with_label\",\"errorMessagePlacement\":\"inline\",\"cssClassName\":\"\",\"asteriskPlacement\":\"asterisk-right\"},\"restrictions\":{\"denyEmptySubmission\":{\"enabled\":false}}},\"form_instance\":\"ff_form_instance_5_1\",\"form_id_selector\":\"fluentform_5\",\"rules\":{\"names[first_name]\":{\"required\":{\"value\":true,\"message\":\"Toto pole je povinn\\u00e9.\",\"global\":false,\"global_message\":\"Toto pole je povinn\\u00e9.\"}},\"names[middle_name]\":{\"required\":{\"value\":false,\"message\":\"This field is required\",\"global\":false,\"global_message\":\"Toto pole je povinn\\u00e9.\"}},\"names[last_name]\":{\"required\":{\"value\":false,\"message\":\"This field is required\",\"global\":false,\"global_message\":\"Toto pole je povinn\\u00e9.\"}},\"input_text\":{\"required\":{\"value\":true,\"message\":\"Toto pole je povinn\\u00e9.\",\"global_message\":\"Toto pole je povinn\\u00e9.\",\"global\":false}},\"input_text_1\":{\"required\":{\"value\":true,\"message\":\"Toto pole je povinn\\u00e9.\",\"global_message\":\"Toto pole je povinn\\u00e9.\",\"global\":false}},\"email\":{\"required\":{\"value\":true,\"message\":\"Toto pole je povinn\\u00e9.\",\"global\":false,\"global_message\":\"Toto pole je povinn\\u00e9.\"},\"email\":{\"value\":true,\"message\":\"Toto pole mus\\u00ed obsahovat funk\\u010dn\\u00ed email.\",\"global\":false,\"global_message\":\"Toto pole mus\\u00ed obsahovat funk\\u010dn\\u00ed email.\"}},\"message\":{\"required\":{\"value\":true,\"message\":\"This field is required\",\"global\":false,\"global_message\":\"Toto pole je povinn\\u00e9.\"}},\"terms-n-condition\":{\"required\":{\"value\":false,\"message\":\"Toto pole je povinn\\u00e9.\",\"global_message\":\"Toto pole je povinn\\u00e9.\",\"global\":true}}},\"debounce_time\":300};\n                    <\/script>\n                    <\/div>\n\n            \t\t\t\t<\/div>\n\t\t\t\t<\/div>\n\t\t\t\t\t<\/div>\n\t\t<\/div>\n\t\t\t\t\t<\/div>\n\t\t<\/section>\n\t\t\t\t<\/div>\n\t\t","protected":false},"excerpt":{"rendered":"<p>Chcete se utkat o POH\u00c1R A VSTUPENKU DO SOCCA CHAMPIONS LEAGUE v n\u00e1sleduj\u00edc\u00ed sez\u00f3n\u011b? REGISTRACE T\u00ddMU PRO ROK 2026 Registrace t\u00fdmu 2026 Notify Jm\u00e9noN\u00e1zev t\u00fdmuTelefonEmailVa\u0161e zpr\u00e1va Odesl\u00e1n\u00edm formul\u00e1\u0159e souhlas\u00edm se&hellip;<\/p>\n","protected":false},"author":1,"featured_media":0,"parent":0,"menu_order":0,"comment_status":"closed","ping_status":"closed","template":"","meta":{"footnotes":""},"class_list":["post-45483","page","type-page","status-publish","hentry"],"yoast_head":"<!-- This site is optimized with the Yoast SEO plugin v25.7 - https:\/\/yoast.com\/wordpress\/plugins\/seo\/ -->\n<title>Registrace - Socca Czech Liga<\/title>\n<meta name=\"robots\" content=\"index, follow, max-snippet:-1, max-image-preview:large, max-video-preview:-1\" \/>\n<link rel=\"canonical\" href=\"https:\/\/soccaczech.cz\/liga\/registrace\/\" \/>\n<meta property=\"og:locale\" content=\"cs_CZ\" \/>\n<meta property=\"og:type\" content=\"article\" \/>\n<meta property=\"og:title\" content=\"Registrace - Socca Czech Liga\" \/>\n<meta property=\"og:description\" content=\"Chcete se utkat o POH\u00c1R A VSTUPENKU DO SOCCA CHAMPIONS LEAGUE v n\u00e1sleduj\u00edc\u00ed sez\u00f3n\u011b? REGISTRACE T\u00ddMU PRO ROK 2026 Registrace t\u00fdmu 2026 Notify Jm\u00e9noN\u00e1zev t\u00fdmuTelefonEmailVa\u0161e zpr\u00e1va Odesl\u00e1n\u00edm formul\u00e1\u0159e souhlas\u00edm se&hellip;\" \/>\n<meta property=\"og:url\" content=\"https:\/\/soccaczech.cz\/liga\/registrace\/\" \/>\n<meta property=\"og:site_name\" content=\"Socca Czech Liga\" \/>\n<meta property=\"article:publisher\" content=\"https:\/\/www.facebook.com\/profile.php?id=61575256934996\" \/>\n<meta property=\"article:modified_time\" content=\"2025-07-14T12:14:32+00:00\" \/>\n<meta property=\"og:image\" content=\"https:\/\/soccaczech.cz\/liga\/wp-content\/uploads\/2025\/07\/Socca-Czech-1.jpg\" \/>\n\t<meta property=\"og:image:width\" content=\"1440\" \/>\n\t<meta property=\"og:image:height\" content=\"1801\" \/>\n\t<meta property=\"og:image:type\" content=\"image\/jpeg\" \/>\n<meta name=\"twitter:card\" content=\"summary_large_image\" \/>\n<script type=\"application\/ld+json\" class=\"yoast-schema-graph\">{\"@context\":\"https:\/\/schema.org\",\"@graph\":[{\"@type\":\"WebPage\",\"@id\":\"https:\/\/soccaczech.cz\/liga\/registrace\/\",\"url\":\"https:\/\/soccaczech.cz\/liga\/registrace\/\",\"name\":\"Registrace - Socca Czech Liga\",\"isPartOf\":{\"@id\":\"https:\/\/soccaczech.cz\/liga\/#website\"},\"datePublished\":\"2025-07-13T12:12:39+00:00\",\"dateModified\":\"2025-07-14T12:14:32+00:00\",\"breadcrumb\":{\"@id\":\"https:\/\/soccaczech.cz\/liga\/registrace\/#breadcrumb\"},\"inLanguage\":\"cs\",\"potentialAction\":[{\"@type\":\"ReadAction\",\"target\":[\"https:\/\/soccaczech.cz\/liga\/registrace\/\"]}]},{\"@type\":\"BreadcrumbList\",\"@id\":\"https:\/\/soccaczech.cz\/liga\/registrace\/#breadcrumb\",\"itemListElement\":[{\"@type\":\"ListItem\",\"position\":1,\"name\":\"Dom\u016f\",\"item\":\"https:\/\/soccaczech.cz\/liga\/\"},{\"@type\":\"ListItem\",\"position\":2,\"name\":\"Registrace\"}]},{\"@type\":\"WebSite\",\"@id\":\"https:\/\/soccaczech.cz\/liga\/#website\",\"url\":\"https:\/\/soccaczech.cz\/liga\/\",\"name\":\"Socca Czech - \u010cesk\u00fd mal\u00fd fotbal vstupuje do nov\u00e9 \u00e9ry. P\u0159ich\u00e1z\u00ed Socca liga!\",\"description\":\"Nov\u00e1 \u00e9ra modern\u00edho fotbalu v \u010cR\",\"publisher\":{\"@id\":\"https:\/\/soccaczech.cz\/liga\/#organization\"},\"alternateName\":\"Sledujte v\u00fdsledky a novinky z \u010desk\u00e9 Socca Ligy \u2013 sout\u011b\u017ee, kter\u00e1 formuje budouc\u00ed reprezentanty pro n\u00e1rodn\u00ed turnaje mal\u00e9ho fotbalu.\",\"potentialAction\":[{\"@type\":\"SearchAction\",\"target\":{\"@type\":\"EntryPoint\",\"urlTemplate\":\"https:\/\/soccaczech.cz\/liga\/?s={search_term_string}\"},\"query-input\":{\"@type\":\"PropertyValueSpecification\",\"valueRequired\":true,\"valueName\":\"search_term_string\"}}],\"inLanguage\":\"cs\"},{\"@type\":\"Organization\",\"@id\":\"https:\/\/soccaczech.cz\/liga\/#organization\",\"name\":\"Socca Czech Liga\",\"url\":\"https:\/\/soccaczech.cz\/liga\/\",\"logo\":{\"@type\":\"ImageObject\",\"inLanguage\":\"cs\",\"@id\":\"https:\/\/soccaczech.cz\/liga\/#\/schema\/logo\/image\/\",\"url\":\"https:\/\/soccaczech.cz\/liga\/wp-content\/uploads\/2025\/07\/SoccaCzech_final_Kreslici-platno-1.png\",\"contentUrl\":\"https:\/\/soccaczech.cz\/liga\/wp-content\/uploads\/2025\/07\/SoccaCzech_final_Kreslici-platno-1.png\",\"width\":487,\"height\":665,\"caption\":\"Socca Czech Liga\"},\"image\":{\"@id\":\"https:\/\/soccaczech.cz\/liga\/#\/schema\/logo\/image\/\"},\"sameAs\":[\"https:\/\/www.facebook.com\/profile.php?id=61575256934996\",\"https:\/\/www.instagram.com\/soccaczech\/\"]}]}<\/script>\n<!-- \/ Yoast SEO plugin. -->","yoast_head_json":{"title":"Registrace - Socca Czech Liga","robots":{"index":"index","follow":"follow","max-snippet":"max-snippet:-1","max-image-preview":"max-image-preview:large","max-video-preview":"max-video-preview:-1"},"canonical":"https:\/\/soccaczech.cz\/liga\/registrace\/","og_locale":"cs_CZ","og_type":"article","og_title":"Registrace - Socca Czech Liga","og_description":"Chcete se utkat o POH\u00c1R A VSTUPENKU DO SOCCA CHAMPIONS LEAGUE v n\u00e1sleduj\u00edc\u00ed sez\u00f3n\u011b? REGISTRACE T\u00ddMU PRO ROK 2026 Registrace t\u00fdmu 2026 Notify Jm\u00e9noN\u00e1zev t\u00fdmuTelefonEmailVa\u0161e zpr\u00e1va Odesl\u00e1n\u00edm formul\u00e1\u0159e souhlas\u00edm se&hellip;","og_url":"https:\/\/soccaczech.cz\/liga\/registrace\/","og_site_name":"Socca Czech Liga","article_publisher":"https:\/\/www.facebook.com\/profile.php?id=61575256934996","article_modified_time":"2025-07-14T12:14:32+00:00","og_image":[{"width":1440,"height":1801,"url":"https:\/\/soccaczech.cz\/liga\/wp-content\/uploads\/2025\/07\/Socca-Czech-1.jpg","type":"image\/jpeg"}],"twitter_card":"summary_large_image","schema":{"@context":"https:\/\/schema.org","@graph":[{"@type":"WebPage","@id":"https:\/\/soccaczech.cz\/liga\/registrace\/","url":"https:\/\/soccaczech.cz\/liga\/registrace\/","name":"Registrace - Socca Czech Liga","isPartOf":{"@id":"https:\/\/soccaczech.cz\/liga\/#website"},"datePublished":"2025-07-13T12:12:39+00:00","dateModified":"2025-07-14T12:14:32+00:00","breadcrumb":{"@id":"https:\/\/soccaczech.cz\/liga\/registrace\/#breadcrumb"},"inLanguage":"cs","potentialAction":[{"@type":"ReadAction","target":["https:\/\/soccaczech.cz\/liga\/registrace\/"]}]},{"@type":"BreadcrumbList","@id":"https:\/\/soccaczech.cz\/liga\/registrace\/#breadcrumb","itemListElement":[{"@type":"ListItem","position":1,"name":"Dom\u016f","item":"https:\/\/soccaczech.cz\/liga\/"},{"@type":"ListItem","position":2,"name":"Registrace"}]},{"@type":"WebSite","@id":"https:\/\/soccaczech.cz\/liga\/#website","url":"https:\/\/soccaczech.cz\/liga\/","name":"Socca Czech - \u010cesk\u00fd mal\u00fd fotbal vstupuje do nov\u00e9 \u00e9ry. P\u0159ich\u00e1z\u00ed Socca liga!","description":"Nov\u00e1 \u00e9ra modern\u00edho fotbalu v \u010cR","publisher":{"@id":"https:\/\/soccaczech.cz\/liga\/#organization"},"alternateName":"Sledujte v\u00fdsledky a novinky z \u010desk\u00e9 Socca Ligy \u2013 sout\u011b\u017ee, kter\u00e1 formuje budouc\u00ed reprezentanty pro n\u00e1rodn\u00ed turnaje mal\u00e9ho fotbalu.","potentialAction":[{"@type":"SearchAction","target":{"@type":"EntryPoint","urlTemplate":"https:\/\/soccaczech.cz\/liga\/?s={search_term_string}"},"query-input":{"@type":"PropertyValueSpecification","valueRequired":true,"valueName":"search_term_string"}}],"inLanguage":"cs"},{"@type":"Organization","@id":"https:\/\/soccaczech.cz\/liga\/#organization","name":"Socca Czech Liga","url":"https:\/\/soccaczech.cz\/liga\/","logo":{"@type":"ImageObject","inLanguage":"cs","@id":"https:\/\/soccaczech.cz\/liga\/#\/schema\/logo\/image\/","url":"https:\/\/soccaczech.cz\/liga\/wp-content\/uploads\/2025\/07\/SoccaCzech_final_Kreslici-platno-1.png","contentUrl":"https:\/\/soccaczech.cz\/liga\/wp-content\/uploads\/2025\/07\/SoccaCzech_final_Kreslici-platno-1.png","width":487,"height":665,"caption":"Socca Czech Liga"},"image":{"@id":"https:\/\/soccaczech.cz\/liga\/#\/schema\/logo\/image\/"},"sameAs":["https:\/\/www.facebook.com\/profile.php?id=61575256934996","https:\/\/www.instagram.com\/soccaczech\/"]}]}},"_links":{"self":[{"href":"https:\/\/soccaczech.cz\/liga\/wp-json\/wp\/v2\/pages\/45483","targetHints":{"allow":["GET"]}}],"collection":[{"href":"https:\/\/soccaczech.cz\/liga\/wp-json\/wp\/v2\/pages"}],"about":[{"href":"https:\/\/soccaczech.cz\/liga\/wp-json\/wp\/v2\/types\/page"}],"author":[{"embeddable":true,"href":"https:\/\/soccaczech.cz\/liga\/wp-json\/wp\/v2\/users\/1"}],"replies":[{"embeddable":true,"href":"https:\/\/soccaczech.cz\/liga\/wp-json\/wp\/v2\/comments?post=45483"}],"version-history":[{"count":0,"href":"https:\/\/soccaczech.cz\/liga\/wp-json\/wp\/v2\/pages\/45483\/revisions"}],"wp:attachment":[{"href":"https:\/\/soccaczech.cz\/liga\/wp-json\/wp\/v2\/media?parent=45483"}],"curies":[{"name":"wp","href":"https:\/\/api.w.org\/{rel}","templated":true}]}}