{"id":46439,"date":"2025-07-22T18:42:09","date_gmt":"2025-07-22T16:42:09","guid":{"rendered":"https:\/\/soccaczech.cz\/liga\/?page_id=46439"},"modified":"2025-08-13T20:16:09","modified_gmt":"2025-08-13T18:16:09","slug":"novinky","status":"publish","type":"page","link":"https:\/\/soccaczech.cz\/liga\/novinky\/","title":{"rendered":"Novinky"},"content":{"rendered":"\t\t<div data-elementor-type=\"wp-page\" data-elementor-id=\"46439\" class=\"elementor elementor-46439\">\n\t\t\t\t\t\t<section class=\"elementor-section elementor-top-section elementor-element elementor-element-368a555 elementor-section-boxed elementor-section-height-default elementor-section-height-default sc_fly_static\" data-id=\"368a555\" data-element_type=\"section\">\n\t\t\t\t\t\t<div class=\"elementor-container elementor-column-gap-extended\">\n\t\t\t\t\t<div class=\"elementor-column elementor-col-100 elementor-top-column elementor-element elementor-element-788c3b9 sc_content_align_inherit sc_layouts_column_icons_position_left sc_fly_static\" data-id=\"788c3b9\" data-element_type=\"column\">\n\t\t\t<div class=\"elementor-widget-wrap\">\n\t\t\t\t\t\t\t<\/div>\n\t\t<\/div>\n\t\t\t\t\t<\/div>\n\t\t<\/section>\n\t\t\t\t<section class=\"elementor-section elementor-top-section elementor-element elementor-element-912428a elementor-section-boxed elementor-section-height-default elementor-section-height-default sc_fly_static\" data-id=\"912428a\" data-element_type=\"section\" data-settings=\"{&quot;background_background&quot;:&quot;classic&quot;}\">\n\t\t\t\t\t\t<div class=\"elementor-container elementor-column-gap-extended\">\n\t\t\t\t\t<div class=\"elementor-column elementor-col-100 elementor-top-column elementor-element elementor-element-b4785a9 sc_content_align_inherit sc_layouts_column_icons_position_left sc_fly_static\" data-id=\"b4785a9\" data-element_type=\"column\">\n\t\t\t<div class=\"elementor-widget-wrap elementor-element-populated\">\n\t\t\t\t\t\t<div class=\"elementor-element elementor-element-f2a8b66 sc_height_huge sc_fly_static elementor-widget elementor-widget-spacer\" data-id=\"f2a8b66\" data-element_type=\"widget\" data-widget_type=\"spacer.default\">\n\t\t\t\t<div class=\"elementor-widget-container\">\n\t\t\t\t\t\t\t<div class=\"elementor-spacer\">\n\t\t\t<div class=\"elementor-spacer-inner\"><\/div>\n\t\t<\/div>\n\t\t\t\t\t\t<\/div>\n\t\t\t\t<\/div>\n\t\t\t\t<div class=\"elementor-element elementor-element-30525e6 sc_fly_static elementor-widget elementor-widget-trx_sc_title\" data-id=\"30525e6\" data-element_type=\"widget\" data-widget_type=\"trx_sc_title.default\">\n\t\t\t\t<div class=\"elementor-widget-container\">\n\t\t\t\t\t<div\t\tclass=\"sc_title sc_title_icon\" ><span class=\"sc_item_subtitle sc_title_subtitle sc_align_center sc_item_subtitle_above sc_item_title_style_icon\">Socca czech liga<\/span><h2 class=\"sc_item_title sc_title_title sc_align_center sc_item_title_style_icon\"\n\t\t\t><span class=\"sc_item_title_text\">Novinky<\/span><\/h2><div class=\"sc_item_descr sc_title_descr sc_align_center\"><p>Sledujte co se d\u011bje v pr\u016fb\u011bhu ligy!<\/p>\n<\/div><\/div>\t\t\t\t<\/div>\n\t\t\t\t<\/div>\n\t\t\t\t\t<\/div>\n\t\t<\/div>\n\t\t\t\t\t<\/div>\n\t\t<\/section>\n\t\t\t\t<section class=\"elementor-section elementor-top-section elementor-element elementor-element-8abad01 elementor-section-boxed elementor-section-height-default elementor-section-height-default sc_fly_static\" data-id=\"8abad01\" data-element_type=\"section\">\n\t\t\t\t\t\t<div class=\"elementor-container elementor-column-gap-extended\">\n\t\t\t\t\t<div class=\"elementor-column elementor-col-100 elementor-top-column elementor-element elementor-element-b425926 sc_content_align_inherit sc_layouts_column_icons_position_left sc_fly_static\" data-id=\"b425926\" data-element_type=\"column\">\n\t\t\t<div class=\"elementor-widget-wrap elementor-element-populated\">\n\t\t\t\t\t\t<div class=\"elementor-element elementor-element-771a657 sc_style_default sc_fly_static elementor-widget elementor-widget-trx_sc_blogger\" data-id=\"771a657\" data-element_type=\"widget\" data-widget_type=\"trx_sc_blogger.default\">\n\t\t\t\t<div class=\"elementor-widget-container\">\n\t\t\t\t\t<div \t\tclass=\"sc_blogger sc_blogger_excerpt sc_blogger_excerpt_default sc_item_filters_tabs_none alignnone\" ><div class=\"sc_blogger_content sc_item_content sc_item_posts_container posts_container excerpt_wrap excerpt_3 columns_wrap columns_padding_bottom columns_in_single_row\" >\t\t<div class=\"column-1_3\">\n\t\t<article id=\"post-47528\" data-post-id=\"47528\"\n\tclass=\"post_item post_item_container post_layout_excerpt post_format_standard post-47528 post type-post status-publish format-standard has-post-thumbnail hentry category-novinky\">\n\t<div class=\"post_featured with_thumb hover_link\"><img fetchpriority=\"high\" decoding=\"async\" width=\"833\" height=\"725\" src=\"https:\/\/soccaczech.cz\/liga\/wp-content\/uploads\/2025\/10\/SoccaLiga_rozhodci_web-833x725.jpg\" class=\"attachment-soccerclub-thumb-huge size-soccerclub-thumb-huge wp-post-image\" alt=\"\" \/>\t\t\t\t\t\t<div class=\"mask\"><\/div>\n\t\t\t\t\t\t\t\t\t<a href=\"https:\/\/soccaczech.cz\/liga\/stan-se-rozhodcim-socca-czech-ligy\/\"  aria-hidden=\"true\" class=\"link\"><\/a>\n\t\t\t<\/div>\t\t<div class=\"post_header entry-header\">\n\t\t\t<h3 class=\"post_title entry-title\"><a href=\"https:\/\/soccaczech.cz\/liga\/stan-se-rozhodcim-socca-czech-ligy\/\" rel=\"bookmark\">Sta\u0148 se rozhod\u010d\u00edm Socca Czech Ligy!\u00a0<\/a><\/h3>\t\t<\/div><!-- .post_header -->\n\t\t\t\t<div class=\"post_content entry-content\">\n\t\t\t<div class=\"post_meta\"><span class=\"post_meta_item post_categories cat_sep\"><a href=\"https:\/\/soccaczech.cz\/liga\/category\/novinky\/\" rel=\"category tag\">Novinky<\/a><\/span><a href=\"https:\/\/soccaczech.cz\/liga\/stan-se-rozhodcim-socca-czech-ligy\/\" class=\"post_meta_item post_meta_views trx_addons_icon-eye\"><span class=\"post_meta_number\">210<\/span><span class=\"post_meta_label\">Views<\/span><\/a><span class=\"post_meta_item post_share\"><span class=\"socials_share socials_size_tiny socials_type_drop socials_dir_horizontal\"><a href=\"#\" role=\"button\" class=\"socials_caption\"><span class=\"socials_caption_label\">Share<\/span><\/a><span class=\"social_items\"><a class=\"social_item social_item_popup\" href=\"\/\/twitter.com\/intent\/tweet?text=Sta%C5%88+se+rozhod%C4%8D%C3%ADm+Socca+Czech+Ligy%21%C2%A0&#038;url=https%3A%2F%2Fsoccaczech.cz%2Fliga%2Fstan-se-rozhodcim-socca-czech-ligy%2F\" data-link=\"\/\/twitter.com\/intent\/tweet?text=Sta\u0148 se rozhod\u010d\u00edm Socca Czech Ligy!\u00a0&amp;url=https%3A%2F%2Fsoccaczech.cz%2Fliga%2Fstan-se-rozhodcim-socca-czech-ligy%2F\" data-count=\"twitter-x\"><span class=\"social_icon social_icon_twitter-x sc_icon_type_icons\" style=\"\"><span class=\"screen-reader-text\">Twitter-x<\/span><span class=\"trx_addons_icon-twitter-x\"><\/span><i>Twitter-x<\/i><\/span><\/a><a class=\"social_item social_item_popup\" href=\"\/\/www.facebook.com\/sharer\/sharer.php?u=https%3A%2F%2Fsoccaczech.cz%2Fliga%2Fstan-se-rozhodcim-socca-czech-ligy%2F\" data-link=\"\/\/www.facebook.com\/sharer\/sharer.php?u=https%3A%2F%2Fsoccaczech.cz%2Fliga%2Fstan-se-rozhodcim-socca-czech-ligy%2F\" data-count=\"facebook-1\"><span class=\"social_icon social_icon_facebook-1 sc_icon_type_icons\" style=\"\"><span class=\"screen-reader-text\">Facebook<\/span><span class=\"icon-facebook-1\"><\/span><i>Facebook<\/i><\/span><\/a><a class=\"social_item\" href=\"mailto:test@fwe.com?subject=Sta\u0148%20se%20rozhod\u010d\u00edm%20Socca%20Czech%20Ligy!\u00a0&#038;body=https%3A%2F%2Fsoccaczech.cz%2Fliga%2Fstan-se-rozhodcim-socca-czech-ligy%2F\" target=\"_blank\" data-count=\"share-email\"><span class=\"social_icon social_icon_share-email sc_icon_type_icons\" style=\"\"><span class=\"screen-reader-text\">Share-email<\/span><span class=\"icon-share-email\"><\/span><i>Share-email<\/i><\/span><\/a><a class=\"social_item\" title=\"Copy URL to clipboard\" data-message=\"Copied!\" data-copy-link-url=\"https:\/\/soccaczech.cz\/liga\/stan-se-rozhodcim-socca-czech-ligy\/\" nopopup=\"true\" href=\"#\" role=\"button\" target=\"_blank\" data-count=\"link\"><span class=\"social_icon social_icon_link sc_icon_type_icons\" style=\"\"><span class=\"screen-reader-text\">Copy URL to clipboard<\/span><span class=\"icon-link\"><\/span><i>Link<\/i><\/span><\/a><\/span><\/span><\/span><\/div><div class=\"post_content_inner\">\ud83d\udc68\u200d\u2696\ufe0f Sta\u0148 se rozhod\u010d\u00edm Socca Czech Ligy!  Chce\u0161 b\u00fdt p\u0159\u00edmo v centru d\u011bn\u00ed, c\u00edtit adrenalin z\u00e1pas\u016f a st\u00e1t se sou\u010d\u00e1st\u00ed ofici\u00e1ln\u00ed ligy pod International Socca Federation? \ud83c\udf0d \ud83d\udccd Praha&hellip;<\/div><p><a class=\"post-more-link\" href=\"https:\/\/soccaczech.cz\/liga\/stan-se-rozhodcim-socca-czech-ligy\/\"><span class=\"link-text\">P\u0159e\u010d\u00edst \u010dl\u00e1nek<\/span><span class=\"more-link-icon\"><\/span><\/a><\/p>\t\t<\/div><!-- .entry-content -->\n\t\t<\/article>\n\t\t<\/div>\n\t\t\t\t<div class=\"column-1_3\">\n\t\t<article id=\"post-47084\" data-post-id=\"47084\"\n\tclass=\"post_item post_item_container post_layout_excerpt post_format_standard post-47084 post type-post status-publish format-standard has-post-thumbnail hentry category-novinky\">\n\t<div class=\"post_featured with_thumb hover_link\"><img decoding=\"async\" width=\"1290\" height=\"725\" src=\"https:\/\/soccaczech.cz\/liga\/wp-content\/uploads\/2025\/08\/pravidla-1290x725.jpg\" class=\"attachment-soccerclub-thumb-huge size-soccerclub-thumb-huge wp-post-image\" alt=\"\" srcset=\"https:\/\/soccaczech.cz\/liga\/wp-content\/uploads\/2025\/08\/pravidla-1290x725.jpg 1290w, https:\/\/soccaczech.cz\/liga\/wp-content\/uploads\/2025\/08\/pravidla-840x473.jpg 840w, https:\/\/soccaczech.cz\/liga\/wp-content\/uploads\/2025\/08\/pravidla-410x230.jpg 410w, https:\/\/soccaczech.cz\/liga\/wp-content\/uploads\/2025\/08\/pravidla-270x152.jpg 270w\" sizes=\"(max-width: 1290px) 100vw, 1290px\" \/>\t\t\t\t\t\t<div class=\"mask\"><\/div>\n\t\t\t\t\t\t\t\t\t<a href=\"https:\/\/soccaczech.cz\/liga\/pravidla-socca\/\"  aria-hidden=\"true\" class=\"link\"><\/a>\n\t\t\t<\/div>\t\t<div class=\"post_header entry-header\">\n\t\t\t<h3 class=\"post_title entry-title\"><a href=\"https:\/\/soccaczech.cz\/liga\/pravidla-socca\/\" rel=\"bookmark\">Pravidla socca<\/a><\/h3>\t\t<\/div><!-- .post_header -->\n\t\t\t\t<div class=\"post_content entry-content\">\n\t\t\t<div class=\"post_meta\"><span class=\"post_meta_item post_categories cat_sep\"><a href=\"https:\/\/soccaczech.cz\/liga\/category\/novinky\/\" rel=\"category tag\">Novinky<\/a><\/span><a href=\"https:\/\/soccaczech.cz\/liga\/pravidla-socca\/\" class=\"post_meta_item post_meta_views trx_addons_icon-eye\"><span class=\"post_meta_number\">250<\/span><span class=\"post_meta_label\">Views<\/span><\/a><span class=\"post_meta_item post_share\"><span class=\"socials_share socials_size_tiny socials_type_drop socials_dir_horizontal\"><a href=\"#\" role=\"button\" class=\"socials_caption\"><span class=\"socials_caption_label\">Share<\/span><\/a><span class=\"social_items\"><a class=\"social_item social_item_popup\" href=\"\/\/twitter.com\/intent\/tweet?text=Pravidla+socca&#038;url=https%3A%2F%2Fsoccaczech.cz%2Fliga%2Fpravidla-socca%2F\" data-link=\"\/\/twitter.com\/intent\/tweet?text=Pravidla socca&amp;url=https%3A%2F%2Fsoccaczech.cz%2Fliga%2Fpravidla-socca%2F\" data-count=\"twitter-x\"><span class=\"social_icon social_icon_twitter-x sc_icon_type_icons\" style=\"\"><span class=\"screen-reader-text\">Twitter-x<\/span><span class=\"trx_addons_icon-twitter-x\"><\/span><i>Twitter-x<\/i><\/span><\/a><a class=\"social_item social_item_popup\" href=\"\/\/www.facebook.com\/sharer\/sharer.php?u=https%3A%2F%2Fsoccaczech.cz%2Fliga%2Fpravidla-socca%2F\" data-link=\"\/\/www.facebook.com\/sharer\/sharer.php?u=https%3A%2F%2Fsoccaczech.cz%2Fliga%2Fpravidla-socca%2F\" data-count=\"facebook-1\"><span class=\"social_icon social_icon_facebook-1 sc_icon_type_icons\" style=\"\"><span class=\"screen-reader-text\">Facebook<\/span><span class=\"icon-facebook-1\"><\/span><i>Facebook<\/i><\/span><\/a><a class=\"social_item\" href=\"mailto:test@fwe.com?subject=Pravidla%20socca&#038;body=https%3A%2F%2Fsoccaczech.cz%2Fliga%2Fpravidla-socca%2F\" target=\"_blank\" data-count=\"share-email\"><span class=\"social_icon social_icon_share-email sc_icon_type_icons\" style=\"\"><span class=\"screen-reader-text\">Share-email<\/span><span class=\"icon-share-email\"><\/span><i>Share-email<\/i><\/span><\/a><a class=\"social_item\" title=\"Copy URL to clipboard\" data-message=\"Copied!\" data-copy-link-url=\"https:\/\/soccaczech.cz\/liga\/pravidla-socca\/\" nopopup=\"true\" href=\"#\" role=\"button\" target=\"_blank\" data-count=\"link\"><span class=\"social_icon social_icon_link sc_icon_type_icons\" style=\"\"><span class=\"screen-reader-text\">Copy URL to clipboard<\/span><span class=\"icon-link\"><\/span><i>Link<\/i><\/span><\/a><\/span><\/span><\/span><\/div><div class=\"post_content_inner\">\ud83d\udcdc Pravidla Socca \u2013 stru\u010dn\u011b a jasn\u011b \u26bd \n\n\n\nV\u00edce info na: \ud83c\udf10 www.soccaczech.cz\/liga \n\n\n\n- \n\n\n\n#SoccaCzech#SoccaLiga#SoccaCzechLiga#Branik#Praha#Socca<\/div><p><a class=\"post-more-link\" href=\"https:\/\/soccaczech.cz\/liga\/pravidla-socca\/\"><span class=\"link-text\">P\u0159e\u010d\u00edst \u010dl\u00e1nek<\/span><span class=\"more-link-icon\"><\/span><\/a><\/p>\t\t<\/div><!-- .entry-content -->\n\t\t<\/article>\n\t\t<\/div>\n\t\t<\/div><\/div>\t\t\t\t<\/div>\n\t\t\t\t<\/div>\n\t\t\t\t\t<\/div>\n\t\t<\/div>\n\t\t\t\t\t<\/div>\n\t\t<\/section>\n\t\t\t\t<\/div>\n\t\t","protected":false},"excerpt":{"rendered":"<p>Socca czech liga Novinky Sledujte co se d\u011bje v pr\u016fb\u011bhu ligy! Sparta Praha Socca &#8211; P\u0158IHL\u00c1\u0160EN\u00dd T\u00ddM DO SOCCA LIGY 2025 Novinky62ViewsShareTwitter-xTwitter-xFacebookFacebookShare-emailShare-emailCopy URL to clipboardLinkP\u0158EDSTAVUJEME NOV\u00dd T\u00ddM &#8211; SOCCA LIGA&hellip;<\/p>\n","protected":false},"author":1,"featured_media":0,"parent":0,"menu_order":0,"comment_status":"closed","ping_status":"closed","template":"","meta":{"footnotes":""},"class_list":["post-46439","page","type-page","status-publish","hentry"],"yoast_head":"<!-- This site is optimized with the Yoast SEO plugin v25.7 - https:\/\/yoast.com\/wordpress\/plugins\/seo\/ -->\n<title>Novinky - Socca Czech Liga<\/title>\n<meta name=\"robots\" content=\"index, follow, max-snippet:-1, max-image-preview:large, max-video-preview:-1\" \/>\n<link rel=\"canonical\" href=\"https:\/\/soccaczech.cz\/liga\/novinky\/\" \/>\n<meta property=\"og:locale\" content=\"cs_CZ\" \/>\n<meta property=\"og:type\" content=\"article\" \/>\n<meta property=\"og:title\" content=\"Novinky - Socca Czech Liga\" \/>\n<meta property=\"og:description\" content=\"Socca czech liga Novinky Sledujte co se d\u011bje v pr\u016fb\u011bhu ligy! Sparta Praha Socca &#8211; P\u0158IHL\u00c1\u0160EN\u00dd T\u00ddM DO SOCCA LIGY 2025 Novinky62ViewsShareTwitter-xTwitter-xFacebookFacebookShare-emailShare-emailCopy URL to clipboardLinkP\u0158EDSTAVUJEME NOV\u00dd T\u00ddM &#8211; SOCCA LIGA&hellip;\" \/>\n<meta property=\"og:url\" content=\"https:\/\/soccaczech.cz\/liga\/novinky\/\" \/>\n<meta property=\"og:site_name\" content=\"Socca Czech Liga\" \/>\n<meta property=\"article:publisher\" content=\"https:\/\/www.facebook.com\/profile.php?id=61575256934996\" \/>\n<meta property=\"article:modified_time\" content=\"2025-08-13T18:16:09+00:00\" \/>\n<meta property=\"og:image\" content=\"https:\/\/soccaczech.cz\/liga\/wp-content\/uploads\/2025\/08\/praha-1290x725.jpg\" \/>\n<meta name=\"twitter:card\" content=\"summary_large_image\" \/>\n<meta name=\"twitter:label1\" content=\"Odhadovan\u00e1 doba \u010dten\u00ed\" \/>\n\t<meta name=\"twitter:data1\" content=\"5 minut\" \/>\n<script type=\"application\/ld+json\" class=\"yoast-schema-graph\">{\"@context\":\"https:\/\/schema.org\",\"@graph\":[{\"@type\":\"WebPage\",\"@id\":\"https:\/\/soccaczech.cz\/liga\/novinky\/\",\"url\":\"https:\/\/soccaczech.cz\/liga\/novinky\/\",\"name\":\"Novinky - Socca Czech Liga\",\"isPartOf\":{\"@id\":\"https:\/\/soccaczech.cz\/liga\/#website\"},\"primaryImageOfPage\":{\"@id\":\"https:\/\/soccaczech.cz\/liga\/novinky\/#primaryimage\"},\"image\":{\"@id\":\"https:\/\/soccaczech.cz\/liga\/novinky\/#primaryimage\"},\"thumbnailUrl\":\"https:\/\/soccaczech.cz\/liga\/wp-content\/uploads\/2025\/08\/praha-1290x725.jpg\",\"datePublished\":\"2025-07-22T16:42:09+00:00\",\"dateModified\":\"2025-08-13T18:16:09+00:00\",\"breadcrumb\":{\"@id\":\"https:\/\/soccaczech.cz\/liga\/novinky\/#breadcrumb\"},\"inLanguage\":\"cs\",\"potentialAction\":[{\"@type\":\"ReadAction\",\"target\":[\"https:\/\/soccaczech.cz\/liga\/novinky\/\"]}]},{\"@type\":\"ImageObject\",\"inLanguage\":\"cs\",\"@id\":\"https:\/\/soccaczech.cz\/liga\/novinky\/#primaryimage\",\"url\":\"https:\/\/soccaczech.cz\/liga\/wp-content\/uploads\/2025\/08\/praha.jpg\",\"contentUrl\":\"https:\/\/soccaczech.cz\/liga\/wp-content\/uploads\/2025\/08\/praha.jpg\",\"width\":1440,\"height\":1800},{\"@type\":\"BreadcrumbList\",\"@id\":\"https:\/\/soccaczech.cz\/liga\/novinky\/#breadcrumb\",\"itemListElement\":[{\"@type\":\"ListItem\",\"position\":1,\"name\":\"Dom\u016f\",\"item\":\"https:\/\/soccaczech.cz\/liga\/\"},{\"@type\":\"ListItem\",\"position\":2,\"name\":\"Novinky\"}]},{\"@type\":\"WebSite\",\"@id\":\"https:\/\/soccaczech.cz\/liga\/#website\",\"url\":\"https:\/\/soccaczech.cz\/liga\/\",\"name\":\"Socca Czech - \u010cesk\u00fd mal\u00fd fotbal vstupuje do nov\u00e9 \u00e9ry. P\u0159ich\u00e1z\u00ed Socca liga!\",\"description\":\"Nov\u00e1 \u00e9ra modern\u00edho fotbalu v \u010cR\",\"publisher\":{\"@id\":\"https:\/\/soccaczech.cz\/liga\/#organization\"},\"alternateName\":\"Sledujte v\u00fdsledky a novinky z \u010desk\u00e9 Socca Ligy \u2013 sout\u011b\u017ee, kter\u00e1 formuje budouc\u00ed reprezentanty pro n\u00e1rodn\u00ed turnaje mal\u00e9ho fotbalu.\",\"potentialAction\":[{\"@type\":\"SearchAction\",\"target\":{\"@type\":\"EntryPoint\",\"urlTemplate\":\"https:\/\/soccaczech.cz\/liga\/?s={search_term_string}\"},\"query-input\":{\"@type\":\"PropertyValueSpecification\",\"valueRequired\":true,\"valueName\":\"search_term_string\"}}],\"inLanguage\":\"cs\"},{\"@type\":\"Organization\",\"@id\":\"https:\/\/soccaczech.cz\/liga\/#organization\",\"name\":\"Socca Czech Liga\",\"url\":\"https:\/\/soccaczech.cz\/liga\/\",\"logo\":{\"@type\":\"ImageObject\",\"inLanguage\":\"cs\",\"@id\":\"https:\/\/soccaczech.cz\/liga\/#\/schema\/logo\/image\/\",\"url\":\"https:\/\/soccaczech.cz\/liga\/wp-content\/uploads\/2025\/07\/SoccaCzech_final_Kreslici-platno-1.png\",\"contentUrl\":\"https:\/\/soccaczech.cz\/liga\/wp-content\/uploads\/2025\/07\/SoccaCzech_final_Kreslici-platno-1.png\",\"width\":487,\"height\":665,\"caption\":\"Socca Czech Liga\"},\"image\":{\"@id\":\"https:\/\/soccaczech.cz\/liga\/#\/schema\/logo\/image\/\"},\"sameAs\":[\"https:\/\/www.facebook.com\/profile.php?id=61575256934996\",\"https:\/\/www.instagram.com\/soccaczech\/\"]}]}<\/script>\n<!-- \/ Yoast SEO plugin. -->","yoast_head_json":{"title":"Novinky - Socca Czech Liga","robots":{"index":"index","follow":"follow","max-snippet":"max-snippet:-1","max-image-preview":"max-image-preview:large","max-video-preview":"max-video-preview:-1"},"canonical":"https:\/\/soccaczech.cz\/liga\/novinky\/","og_locale":"cs_CZ","og_type":"article","og_title":"Novinky - Socca Czech Liga","og_description":"Socca czech liga Novinky Sledujte co se d\u011bje v pr\u016fb\u011bhu ligy! Sparta Praha Socca &#8211; P\u0158IHL\u00c1\u0160EN\u00dd T\u00ddM DO SOCCA LIGY 2025 Novinky62ViewsShareTwitter-xTwitter-xFacebookFacebookShare-emailShare-emailCopy URL to clipboardLinkP\u0158EDSTAVUJEME NOV\u00dd T\u00ddM &#8211; SOCCA LIGA&hellip;","og_url":"https:\/\/soccaczech.cz\/liga\/novinky\/","og_site_name":"Socca Czech Liga","article_publisher":"https:\/\/www.facebook.com\/profile.php?id=61575256934996","article_modified_time":"2025-08-13T18:16:09+00:00","og_image":[{"url":"https:\/\/soccaczech.cz\/liga\/wp-content\/uploads\/2025\/08\/praha-1290x725.jpg","type":"","width":"","height":""}],"twitter_card":"summary_large_image","twitter_misc":{"Odhadovan\u00e1 doba \u010dten\u00ed":"5 minut"},"schema":{"@context":"https:\/\/schema.org","@graph":[{"@type":"WebPage","@id":"https:\/\/soccaczech.cz\/liga\/novinky\/","url":"https:\/\/soccaczech.cz\/liga\/novinky\/","name":"Novinky - Socca Czech Liga","isPartOf":{"@id":"https:\/\/soccaczech.cz\/liga\/#website"},"primaryImageOfPage":{"@id":"https:\/\/soccaczech.cz\/liga\/novinky\/#primaryimage"},"image":{"@id":"https:\/\/soccaczech.cz\/liga\/novinky\/#primaryimage"},"thumbnailUrl":"https:\/\/soccaczech.cz\/liga\/wp-content\/uploads\/2025\/08\/praha-1290x725.jpg","datePublished":"2025-07-22T16:42:09+00:00","dateModified":"2025-08-13T18:16:09+00:00","breadcrumb":{"@id":"https:\/\/soccaczech.cz\/liga\/novinky\/#breadcrumb"},"inLanguage":"cs","potentialAction":[{"@type":"ReadAction","target":["https:\/\/soccaczech.cz\/liga\/novinky\/"]}]},{"@type":"ImageObject","inLanguage":"cs","@id":"https:\/\/soccaczech.cz\/liga\/novinky\/#primaryimage","url":"https:\/\/soccaczech.cz\/liga\/wp-content\/uploads\/2025\/08\/praha.jpg","contentUrl":"https:\/\/soccaczech.cz\/liga\/wp-content\/uploads\/2025\/08\/praha.jpg","width":1440,"height":1800},{"@type":"BreadcrumbList","@id":"https:\/\/soccaczech.cz\/liga\/novinky\/#breadcrumb","itemListElement":[{"@type":"ListItem","position":1,"name":"Dom\u016f","item":"https:\/\/soccaczech.cz\/liga\/"},{"@type":"ListItem","position":2,"name":"Novinky"}]},{"@type":"WebSite","@id":"https:\/\/soccaczech.cz\/liga\/#website","url":"https:\/\/soccaczech.cz\/liga\/","name":"Socca Czech - \u010cesk\u00fd mal\u00fd fotbal vstupuje do nov\u00e9 \u00e9ry. P\u0159ich\u00e1z\u00ed Socca liga!","description":"Nov\u00e1 \u00e9ra modern\u00edho fotbalu v \u010cR","publisher":{"@id":"https:\/\/soccaczech.cz\/liga\/#organization"},"alternateName":"Sledujte v\u00fdsledky a novinky z \u010desk\u00e9 Socca Ligy \u2013 sout\u011b\u017ee, kter\u00e1 formuje budouc\u00ed reprezentanty pro n\u00e1rodn\u00ed turnaje mal\u00e9ho fotbalu.","potentialAction":[{"@type":"SearchAction","target":{"@type":"EntryPoint","urlTemplate":"https:\/\/soccaczech.cz\/liga\/?s={search_term_string}"},"query-input":{"@type":"PropertyValueSpecification","valueRequired":true,"valueName":"search_term_string"}}],"inLanguage":"cs"},{"@type":"Organization","@id":"https:\/\/soccaczech.cz\/liga\/#organization","name":"Socca Czech Liga","url":"https:\/\/soccaczech.cz\/liga\/","logo":{"@type":"ImageObject","inLanguage":"cs","@id":"https:\/\/soccaczech.cz\/liga\/#\/schema\/logo\/image\/","url":"https:\/\/soccaczech.cz\/liga\/wp-content\/uploads\/2025\/07\/SoccaCzech_final_Kreslici-platno-1.png","contentUrl":"https:\/\/soccaczech.cz\/liga\/wp-content\/uploads\/2025\/07\/SoccaCzech_final_Kreslici-platno-1.png","width":487,"height":665,"caption":"Socca Czech Liga"},"image":{"@id":"https:\/\/soccaczech.cz\/liga\/#\/schema\/logo\/image\/"},"sameAs":["https:\/\/www.facebook.com\/profile.php?id=61575256934996","https:\/\/www.instagram.com\/soccaczech\/"]}]}},"_links":{"self":[{"href":"https:\/\/soccaczech.cz\/liga\/wp-json\/wp\/v2\/pages\/46439","targetHints":{"allow":["GET"]}}],"collection":[{"href":"https:\/\/soccaczech.cz\/liga\/wp-json\/wp\/v2\/pages"}],"about":[{"href":"https:\/\/soccaczech.cz\/liga\/wp-json\/wp\/v2\/types\/page"}],"author":[{"embeddable":true,"href":"https:\/\/soccaczech.cz\/liga\/wp-json\/wp\/v2\/users\/1"}],"replies":[{"embeddable":true,"href":"https:\/\/soccaczech.cz\/liga\/wp-json\/wp\/v2\/comments?post=46439"}],"version-history":[{"count":10,"href":"https:\/\/soccaczech.cz\/liga\/wp-json\/wp\/v2\/pages\/46439\/revisions"}],"predecessor-version":[{"id":46945,"href":"https:\/\/soccaczech.cz\/liga\/wp-json\/wp\/v2\/pages\/46439\/revisions\/46945"}],"wp:attachment":[{"href":"https:\/\/soccaczech.cz\/liga\/wp-json\/wp\/v2\/media?parent=46439"}],"curies":[{"name":"wp","href":"https:\/\/api.w.org\/{rel}","templated":true}]}}