{"id":47535,"date":"2025-10-23T09:47:23","date_gmt":"2025-10-23T07:47:23","guid":{"rendered":"https:\/\/soccaczech.cz\/liga\/?page_id=47535"},"modified":"2025-10-30T12:40:40","modified_gmt":"2025-10-30T11:40:40","slug":"stdr","status":"publish","type":"page","link":"https:\/\/soccaczech.cz\/liga\/stdr\/","title":{"rendered":"STDR"},"content":{"rendered":"\t\t<div data-elementor-type=\"wp-page\" data-elementor-id=\"47535\" class=\"elementor elementor-47535\">\n\t\t\t\t\t\t<section class=\"elementor-section elementor-top-section elementor-element elementor-element-8b15687 elementor-section-boxed elementor-section-height-default elementor-section-height-default sc_fly_static\" data-id=\"8b15687\" data-element_type=\"section\">\n\t\t\t\t\t\t<div class=\"elementor-container elementor-column-gap-extended\">\n\t\t\t\t\t<div class=\"elementor-column elementor-col-100 elementor-top-column elementor-element elementor-element-d4c3377 sc_content_align_inherit sc_layouts_column_icons_position_left sc_fly_static\" data-id=\"d4c3377\" data-element_type=\"column\">\n\t\t\t<div class=\"elementor-widget-wrap elementor-element-populated\">\n\t\t\t\t\t\t<section class=\"elementor-section elementor-inner-section elementor-element elementor-element-359a61e elementor-section-boxed elementor-section-height-default elementor-section-height-default sc_fly_static\" data-id=\"359a61e\" data-element_type=\"section\">\n\t\t\t\t\t\t<div class=\"elementor-container elementor-column-gap-extended\">\n\t\t\t\t\t<div class=\"elementor-column elementor-col-100 elementor-inner-column elementor-element elementor-element-b68de34 sc_content_align_inherit sc_layouts_column_icons_position_left sc_fly_static\" data-id=\"b68de34\" data-element_type=\"column\">\n\t\t\t<div class=\"elementor-widget-wrap elementor-element-populated\">\n\t\t\t\t\t\t<div class=\"elementor-element elementor-element-ab9a165 elementor-align-center elementor-widget__width-inherit sc_fly_static elementor-widget elementor-widget-button\" data-id=\"ab9a165\" data-element_type=\"widget\" data-widget_type=\"button.default\">\n\t\t\t\t<div class=\"elementor-widget-container\">\n\t\t\t\t\t\t\t\t\t<div class=\"elementor-button-wrapper\">\n\t\t\t\t\t<a class=\"elementor-button elementor-button-link elementor-size-sm\" href=\"https:\/\/soccaczech.cz\/liga\/wp-content\/uploads\/2025\/09\/ZU-SOCCA.xlsx-STDR-2.pdf\">\n\t\t\t\t\t\t<span class=\"elementor-button-content-wrapper\">\n\t\t\t\t\t\t\t\t\t<span class=\"elementor-button-text\">9.9.2025 - SPORTOVN\u011a TECHNICK\u00c1 DISCIPLIN\u00c1RN\u00cd RADA VYD\u00c1V\u00c1 ROZHODNUT\u00cd <\/span>\n\t\t\t\t\t<\/span>\n\t\t\t\t\t<\/a>\n\t\t\t\t<\/div>\n\t\t\t\t\t\t\t\t<\/div>\n\t\t\t\t<\/div>\n\t\t\t\t<div class=\"elementor-element elementor-element-9f36b90 elementor-align-center elementor-widget__width-inherit sc_fly_static elementor-widget elementor-widget-button\" data-id=\"9f36b90\" data-element_type=\"widget\" data-widget_type=\"button.default\">\n\t\t\t\t<div class=\"elementor-widget-container\">\n\t\t\t\t\t\t\t\t\t<div class=\"elementor-button-wrapper\">\n\t\t\t\t\t<a class=\"elementor-button elementor-button-link elementor-size-sm\" href=\"https:\/\/soccaczech.cz\/liga\/wp-content\/uploads\/2025\/09\/STDR_2.pdf\">\n\t\t\t\t\t\t<span class=\"elementor-button-content-wrapper\">\n\t\t\t\t\t\t\t\t\t<span class=\"elementor-button-text\">16.9.2025 - SPORTOVN\u011a TECHNICK\u00c1 DISCIPLIN\u00c1RN\u00cd RADA VYD\u00c1V\u00c1 ROZHODNUT\u00cd <\/span>\n\t\t\t\t\t<\/span>\n\t\t\t\t\t<\/a>\n\t\t\t\t<\/div>\n\t\t\t\t\t\t\t\t<\/div>\n\t\t\t\t<\/div>\n\t\t\t\t<div class=\"elementor-element elementor-element-5e327cd elementor-align-center elementor-widget__width-inherit sc_fly_static elementor-widget elementor-widget-button\" data-id=\"5e327cd\" data-element_type=\"widget\" data-widget_type=\"button.default\">\n\t\t\t\t<div class=\"elementor-widget-container\">\n\t\t\t\t\t\t\t\t\t<div class=\"elementor-button-wrapper\">\n\t\t\t\t\t<a class=\"elementor-button elementor-button-link elementor-size-sm\" href=\"https:\/\/soccaczech.cz\/liga\/wp-content\/uploads\/2025\/09\/STDR3.pdf\">\n\t\t\t\t\t\t<span class=\"elementor-button-content-wrapper\">\n\t\t\t\t\t\t\t\t\t<span class=\"elementor-button-text\">26.9.2025 - SPORTOVN\u011a TECHNICK\u00c1 DISCIPLIN\u00c1RN\u00cd RADA VYD\u00c1V\u00c1 ROZHODNUT\u00cd <\/span>\n\t\t\t\t\t<\/span>\n\t\t\t\t\t<\/a>\n\t\t\t\t<\/div>\n\t\t\t\t\t\t\t\t<\/div>\n\t\t\t\t<\/div>\n\t\t\t\t<div class=\"elementor-element elementor-element-9e3270b elementor-align-center elementor-widget__width-inherit sc_fly_static elementor-widget elementor-widget-button\" data-id=\"9e3270b\" data-element_type=\"widget\" data-widget_type=\"button.default\">\n\t\t\t\t<div class=\"elementor-widget-container\">\n\t\t\t\t\t\t\t\t\t<div class=\"elementor-button-wrapper\">\n\t\t\t\t\t<a class=\"elementor-button elementor-button-link elementor-size-sm\" href=\"https:\/\/soccaczech.cz\/liga\/wp-content\/uploads\/2025\/10\/STDR4.pdf\">\n\t\t\t\t\t\t<span class=\"elementor-button-content-wrapper\">\n\t\t\t\t\t\t\t\t\t<span class=\"elementor-button-text\">2.10.2025 - SPORTOVN\u011a TECHNICK\u00c1 DISCIPLIN\u00c1RN\u00cd RADA VYD\u00c1V\u00c1 ROZHODNUT\u00cd <\/span>\n\t\t\t\t\t<\/span>\n\t\t\t\t\t<\/a>\n\t\t\t\t<\/div>\n\t\t\t\t\t\t\t\t<\/div>\n\t\t\t\t<\/div>\n\t\t\t\t<div class=\"elementor-element elementor-element-755c2d6 elementor-align-center elementor-widget__width-inherit sc_fly_static elementor-widget elementor-widget-button\" data-id=\"755c2d6\" data-element_type=\"widget\" data-widget_type=\"button.default\">\n\t\t\t\t<div class=\"elementor-widget-container\">\n\t\t\t\t\t\t\t\t\t<div class=\"elementor-button-wrapper\">\n\t\t\t\t\t<a class=\"elementor-button elementor-button-link elementor-size-sm\" href=\"https:\/\/soccaczech.cz\/liga\/wp-content\/uploads\/2025\/10\/STRD_4.pdf\">\n\t\t\t\t\t\t<span class=\"elementor-button-content-wrapper\">\n\t\t\t\t\t\t\t\t\t<span class=\"elementor-button-text\">8.10.2025 - SPORTOVN\u011a TECHNICK\u00c1 DISCIPLIN\u00c1RN\u00cd RADA VYD\u00c1V\u00c1 ROZHODNUT\u00cd <\/span>\n\t\t\t\t\t<\/span>\n\t\t\t\t\t<\/a>\n\t\t\t\t<\/div>\n\t\t\t\t\t\t\t\t<\/div>\n\t\t\t\t<\/div>\n\t\t\t\t<div class=\"elementor-element elementor-element-5b03f5b elementor-align-center elementor-widget__width-inherit sc_fly_static elementor-widget elementor-widget-button\" data-id=\"5b03f5b\" data-element_type=\"widget\" data-widget_type=\"button.default\">\n\t\t\t\t<div class=\"elementor-widget-container\">\n\t\t\t\t\t\t\t\t\t<div class=\"elementor-button-wrapper\">\n\t\t\t\t\t<a class=\"elementor-button elementor-button-link elementor-size-sm\" href=\"https:\/\/soccaczech.cz\/liga\/wp-content\/uploads\/2025\/10\/STDR-6-ZU-SOCCA-ADMIN.pdf\">\n\t\t\t\t\t\t<span class=\"elementor-button-content-wrapper\">\n\t\t\t\t\t\t\t\t\t<span class=\"elementor-button-text\">30.10.2025 - SPORTOVN\u011a TECHNICK\u00c1 DISCIPLIN\u00c1RN\u00cd RADA VYD\u00c1V\u00c1 ROZHODNUT\u00cd <\/span>\n\t\t\t\t\t<\/span>\n\t\t\t\t\t<\/a>\n\t\t\t\t<\/div>\n\t\t\t\t\t\t\t\t<\/div>\n\t\t\t\t<\/div>\n\t\t\t\t\t<\/div>\n\t\t<\/div>\n\t\t\t\t\t<\/div>\n\t\t<\/section>\n\t\t\t\t\t<\/div>\n\t\t<\/div>\n\t\t\t\t\t<\/div>\n\t\t<\/section>\n\t\t\t\t<\/div>\n\t\t","protected":false},"excerpt":{"rendered":"<p>9.9.2025 &#8211; SPORTOVN\u011a TECHNICK\u00c1 DISCIPLIN\u00c1RN\u00cd RADA VYD\u00c1V\u00c1 ROZHODNUT\u00cd 16.9.2025 &#8211; SPORTOVN\u011a TECHNICK\u00c1 DISCIPLIN\u00c1RN\u00cd RADA VYD\u00c1V\u00c1 ROZHODNUT\u00cd 26.9.2025 &#8211; SPORTOVN\u011a TECHNICK\u00c1 DISCIPLIN\u00c1RN\u00cd RADA VYD\u00c1V\u00c1 ROZHODNUT\u00cd 2.10.2025 &#8211; SPORTOVN\u011a TECHNICK\u00c1 DISCIPLIN\u00c1RN\u00cd RADA&hellip;<\/p>\n","protected":false},"author":1,"featured_media":0,"parent":0,"menu_order":0,"comment_status":"closed","ping_status":"closed","template":"","meta":{"footnotes":""},"class_list":["post-47535","page","type-page","status-publish","hentry"],"yoast_head":"<!-- This site is optimized with the Yoast SEO plugin v25.7 - https:\/\/yoast.com\/wordpress\/plugins\/seo\/ -->\n<title>STDR - Socca Czech Liga<\/title>\n<meta name=\"robots\" content=\"index, follow, max-snippet:-1, max-image-preview:large, max-video-preview:-1\" \/>\n<link rel=\"canonical\" href=\"https:\/\/soccaczech.cz\/liga\/stdr\/\" \/>\n<meta property=\"og:locale\" content=\"cs_CZ\" \/>\n<meta property=\"og:type\" content=\"article\" \/>\n<meta property=\"og:title\" content=\"STDR - Socca Czech Liga\" \/>\n<meta property=\"og:description\" content=\"9.9.2025 &#8211; SPORTOVN\u011a TECHNICK\u00c1 DISCIPLIN\u00c1RN\u00cd RADA VYD\u00c1V\u00c1 ROZHODNUT\u00cd 16.9.2025 &#8211; SPORTOVN\u011a TECHNICK\u00c1 DISCIPLIN\u00c1RN\u00cd RADA VYD\u00c1V\u00c1 ROZHODNUT\u00cd 26.9.2025 &#8211; SPORTOVN\u011a TECHNICK\u00c1 DISCIPLIN\u00c1RN\u00cd RADA VYD\u00c1V\u00c1 ROZHODNUT\u00cd 2.10.2025 &#8211; SPORTOVN\u011a TECHNICK\u00c1 DISCIPLIN\u00c1RN\u00cd RADA&hellip;\" \/>\n<meta property=\"og:url\" content=\"https:\/\/soccaczech.cz\/liga\/stdr\/\" \/>\n<meta property=\"og:site_name\" content=\"Socca Czech Liga\" \/>\n<meta property=\"article:publisher\" content=\"https:\/\/www.facebook.com\/profile.php?id=61575256934996\" \/>\n<meta property=\"article:modified_time\" content=\"2025-10-30T11:40:40+00:00\" \/>\n<meta property=\"og:image\" content=\"https:\/\/soccaczech.cz\/liga\/wp-content\/uploads\/2025\/07\/Socca-Czech-1.jpg\" \/>\n\t<meta property=\"og:image:width\" content=\"1440\" \/>\n\t<meta property=\"og:image:height\" content=\"1801\" \/>\n\t<meta property=\"og:image:type\" content=\"image\/jpeg\" \/>\n<meta name=\"twitter:card\" content=\"summary_large_image\" \/>\n<script type=\"application\/ld+json\" class=\"yoast-schema-graph\">{\"@context\":\"https:\/\/schema.org\",\"@graph\":[{\"@type\":\"WebPage\",\"@id\":\"https:\/\/soccaczech.cz\/liga\/stdr\/\",\"url\":\"https:\/\/soccaczech.cz\/liga\/stdr\/\",\"name\":\"STDR - Socca Czech Liga\",\"isPartOf\":{\"@id\":\"https:\/\/soccaczech.cz\/liga\/#website\"},\"datePublished\":\"2025-10-23T07:47:23+00:00\",\"dateModified\":\"2025-10-30T11:40:40+00:00\",\"breadcrumb\":{\"@id\":\"https:\/\/soccaczech.cz\/liga\/stdr\/#breadcrumb\"},\"inLanguage\":\"cs\",\"potentialAction\":[{\"@type\":\"ReadAction\",\"target\":[\"https:\/\/soccaczech.cz\/liga\/stdr\/\"]}]},{\"@type\":\"BreadcrumbList\",\"@id\":\"https:\/\/soccaczech.cz\/liga\/stdr\/#breadcrumb\",\"itemListElement\":[{\"@type\":\"ListItem\",\"position\":1,\"name\":\"Dom\u016f\",\"item\":\"https:\/\/soccaczech.cz\/liga\/\"},{\"@type\":\"ListItem\",\"position\":2,\"name\":\"STDR\"}]},{\"@type\":\"WebSite\",\"@id\":\"https:\/\/soccaczech.cz\/liga\/#website\",\"url\":\"https:\/\/soccaczech.cz\/liga\/\",\"name\":\"Socca Czech - \u010cesk\u00fd mal\u00fd fotbal vstupuje do nov\u00e9 \u00e9ry. P\u0159ich\u00e1z\u00ed Socca liga!\",\"description\":\"Nov\u00e1 \u00e9ra modern\u00edho fotbalu v \u010cR\",\"publisher\":{\"@id\":\"https:\/\/soccaczech.cz\/liga\/#organization\"},\"alternateName\":\"Sledujte v\u00fdsledky a novinky z \u010desk\u00e9 Socca Ligy \u2013 sout\u011b\u017ee, kter\u00e1 formuje budouc\u00ed reprezentanty pro n\u00e1rodn\u00ed turnaje mal\u00e9ho fotbalu.\",\"potentialAction\":[{\"@type\":\"SearchAction\",\"target\":{\"@type\":\"EntryPoint\",\"urlTemplate\":\"https:\/\/soccaczech.cz\/liga\/?s={search_term_string}\"},\"query-input\":{\"@type\":\"PropertyValueSpecification\",\"valueRequired\":true,\"valueName\":\"search_term_string\"}}],\"inLanguage\":\"cs\"},{\"@type\":\"Organization\",\"@id\":\"https:\/\/soccaczech.cz\/liga\/#organization\",\"name\":\"Socca Czech Liga\",\"url\":\"https:\/\/soccaczech.cz\/liga\/\",\"logo\":{\"@type\":\"ImageObject\",\"inLanguage\":\"cs\",\"@id\":\"https:\/\/soccaczech.cz\/liga\/#\/schema\/logo\/image\/\",\"url\":\"https:\/\/soccaczech.cz\/liga\/wp-content\/uploads\/2025\/07\/SoccaCzech_final_Kreslici-platno-1.png\",\"contentUrl\":\"https:\/\/soccaczech.cz\/liga\/wp-content\/uploads\/2025\/07\/SoccaCzech_final_Kreslici-platno-1.png\",\"width\":487,\"height\":665,\"caption\":\"Socca Czech Liga\"},\"image\":{\"@id\":\"https:\/\/soccaczech.cz\/liga\/#\/schema\/logo\/image\/\"},\"sameAs\":[\"https:\/\/www.facebook.com\/profile.php?id=61575256934996\",\"https:\/\/www.instagram.com\/soccaczech\/\"]}]}<\/script>\n<!-- \/ Yoast SEO plugin. -->","yoast_head_json":{"title":"STDR - Socca Czech Liga","robots":{"index":"index","follow":"follow","max-snippet":"max-snippet:-1","max-image-preview":"max-image-preview:large","max-video-preview":"max-video-preview:-1"},"canonical":"https:\/\/soccaczech.cz\/liga\/stdr\/","og_locale":"cs_CZ","og_type":"article","og_title":"STDR - Socca Czech Liga","og_description":"9.9.2025 &#8211; SPORTOVN\u011a TECHNICK\u00c1 DISCIPLIN\u00c1RN\u00cd RADA VYD\u00c1V\u00c1 ROZHODNUT\u00cd 16.9.2025 &#8211; SPORTOVN\u011a TECHNICK\u00c1 DISCIPLIN\u00c1RN\u00cd RADA VYD\u00c1V\u00c1 ROZHODNUT\u00cd 26.9.2025 &#8211; SPORTOVN\u011a TECHNICK\u00c1 DISCIPLIN\u00c1RN\u00cd RADA VYD\u00c1V\u00c1 ROZHODNUT\u00cd 2.10.2025 &#8211; SPORTOVN\u011a TECHNICK\u00c1 DISCIPLIN\u00c1RN\u00cd RADA&hellip;","og_url":"https:\/\/soccaczech.cz\/liga\/stdr\/","og_site_name":"Socca Czech Liga","article_publisher":"https:\/\/www.facebook.com\/profile.php?id=61575256934996","article_modified_time":"2025-10-30T11:40:40+00:00","og_image":[{"width":1440,"height":1801,"url":"https:\/\/soccaczech.cz\/liga\/wp-content\/uploads\/2025\/07\/Socca-Czech-1.jpg","type":"image\/jpeg"}],"twitter_card":"summary_large_image","schema":{"@context":"https:\/\/schema.org","@graph":[{"@type":"WebPage","@id":"https:\/\/soccaczech.cz\/liga\/stdr\/","url":"https:\/\/soccaczech.cz\/liga\/stdr\/","name":"STDR - Socca Czech Liga","isPartOf":{"@id":"https:\/\/soccaczech.cz\/liga\/#website"},"datePublished":"2025-10-23T07:47:23+00:00","dateModified":"2025-10-30T11:40:40+00:00","breadcrumb":{"@id":"https:\/\/soccaczech.cz\/liga\/stdr\/#breadcrumb"},"inLanguage":"cs","potentialAction":[{"@type":"ReadAction","target":["https:\/\/soccaczech.cz\/liga\/stdr\/"]}]},{"@type":"BreadcrumbList","@id":"https:\/\/soccaczech.cz\/liga\/stdr\/#breadcrumb","itemListElement":[{"@type":"ListItem","position":1,"name":"Dom\u016f","item":"https:\/\/soccaczech.cz\/liga\/"},{"@type":"ListItem","position":2,"name":"STDR"}]},{"@type":"WebSite","@id":"https:\/\/soccaczech.cz\/liga\/#website","url":"https:\/\/soccaczech.cz\/liga\/","name":"Socca Czech - \u010cesk\u00fd mal\u00fd fotbal vstupuje do nov\u00e9 \u00e9ry. P\u0159ich\u00e1z\u00ed Socca liga!","description":"Nov\u00e1 \u00e9ra modern\u00edho fotbalu v \u010cR","publisher":{"@id":"https:\/\/soccaczech.cz\/liga\/#organization"},"alternateName":"Sledujte v\u00fdsledky a novinky z \u010desk\u00e9 Socca Ligy \u2013 sout\u011b\u017ee, kter\u00e1 formuje budouc\u00ed reprezentanty pro n\u00e1rodn\u00ed turnaje mal\u00e9ho fotbalu.","potentialAction":[{"@type":"SearchAction","target":{"@type":"EntryPoint","urlTemplate":"https:\/\/soccaczech.cz\/liga\/?s={search_term_string}"},"query-input":{"@type":"PropertyValueSpecification","valueRequired":true,"valueName":"search_term_string"}}],"inLanguage":"cs"},{"@type":"Organization","@id":"https:\/\/soccaczech.cz\/liga\/#organization","name":"Socca Czech Liga","url":"https:\/\/soccaczech.cz\/liga\/","logo":{"@type":"ImageObject","inLanguage":"cs","@id":"https:\/\/soccaczech.cz\/liga\/#\/schema\/logo\/image\/","url":"https:\/\/soccaczech.cz\/liga\/wp-content\/uploads\/2025\/07\/SoccaCzech_final_Kreslici-platno-1.png","contentUrl":"https:\/\/soccaczech.cz\/liga\/wp-content\/uploads\/2025\/07\/SoccaCzech_final_Kreslici-platno-1.png","width":487,"height":665,"caption":"Socca Czech Liga"},"image":{"@id":"https:\/\/soccaczech.cz\/liga\/#\/schema\/logo\/image\/"},"sameAs":["https:\/\/www.facebook.com\/profile.php?id=61575256934996","https:\/\/www.instagram.com\/soccaczech\/"]}]}},"_links":{"self":[{"href":"https:\/\/soccaczech.cz\/liga\/wp-json\/wp\/v2\/pages\/47535","targetHints":{"allow":["GET"]}}],"collection":[{"href":"https:\/\/soccaczech.cz\/liga\/wp-json\/wp\/v2\/pages"}],"about":[{"href":"https:\/\/soccaczech.cz\/liga\/wp-json\/wp\/v2\/types\/page"}],"author":[{"embeddable":true,"href":"https:\/\/soccaczech.cz\/liga\/wp-json\/wp\/v2\/users\/1"}],"replies":[{"embeddable":true,"href":"https:\/\/soccaczech.cz\/liga\/wp-json\/wp\/v2\/comments?post=47535"}],"version-history":[{"count":10,"href":"https:\/\/soccaczech.cz\/liga\/wp-json\/wp\/v2\/pages\/47535\/revisions"}],"predecessor-version":[{"id":47587,"href":"https:\/\/soccaczech.cz\/liga\/wp-json\/wp\/v2\/pages\/47535\/revisions\/47587"}],"wp:attachment":[{"href":"https:\/\/soccaczech.cz\/liga\/wp-json\/wp\/v2\/media?parent=47535"}],"curies":[{"name":"wp","href":"https:\/\/api.w.org\/{rel}","templated":true}]}}